{"id":5280,"date":"2026-02-16T12:02:31","date_gmt":"2026-02-16T12:02:31","guid":{"rendered":"https:\/\/www.togykids.com\/product\/pink-sequin-bow-hair-clip-set\/"},"modified":"2026-02-23T13:38:52","modified_gmt":"2026-02-23T13:38:52","slug":"pembe-pullu-fiyonk-toka-seti","status":"publish","type":"product","link":"https:\/\/www.togykids.com\/tr\/product\/pembe-pullu-fiyonk-toka-seti\/","title":{"rendered":"PEMBE PULLU F\u0130YONK TOKA SET\u0130"},"content":{"rendered":"<p><b data-path-to-node=\"2\" data-index-in-node=\"3\">Togy Pullu Fiyonk Toka Seti<\/b> &#x1f338;<\/p>\n<p data-path-to-node=\"4\">K\u00fc\u00e7\u00fck prenseslerin stilini parlatacak en \u015f\u0131k aksesuar! <b data-path-to-node=\"4\" data-index-in-node=\"55\">Togy<\/b> markas\u0131n\u0131n kalitesiyle tasarlanan bu ikili pullu fiyonk toka seti, hem g\u00fcnl\u00fck kullan\u0131mda hem de \u00f6zel g\u00fcnlerde (do\u011fum g\u00fcn\u00fc, d\u00fc\u011f\u00fcn, bayram) harika bir tamamlay\u0131c\u0131d\u0131r.<\/p>\n<ul data-path-to-node=\"5\">\n<li>\n<p data-path-to-node=\"5,0,0\"><b data-path-to-node=\"5,0,0\" data-index-in-node=\"0\">Paket \u0130\u00e7eri\u011fi:<\/b> 2 Adet Fiyonk Toka.<\/p>\n<\/li>\n<li>\n<p data-path-to-node=\"5,1,0\"><b data-path-to-node=\"5,1,0\" data-index-in-node=\"0\">Tasar\u0131m:<\/b> G\u00f6z al\u0131c\u0131 pullu (payetli) kuma\u015f kaplama.<\/p>\n<\/li>\n<li>\n<p data-path-to-node=\"5,3,0\"><b data-path-to-node=\"5,3,0\" data-index-in-node=\"0\">Kullan\u0131m:<\/b> G\u00fc\u00e7l\u00fc tutu\u015f sa\u011flayan pens toka mekanizmas\u0131 ile sa\u00e7tan kayma yapmaz.<\/p>\n<\/li>\n<li>\n<p data-path-to-node=\"5,4,0\"><b data-path-to-node=\"5,4,0\" data-index-in-node=\"0\">Hediye Fikri:<\/b> \u015e\u0131k karton ambalaj\u0131 ile m\u00fckemmel bir hediye se\u00e7ene\u011fidir.<\/p>\n<\/li>\n<\/ul>\n","protected":false},"excerpt":{"rendered":"<ul>\n<li>PEMBE<\/li>\n<\/ul>\n","protected":false},"featured_media":5278,"comment_status":"open","ping_status":"closed","template":"","meta":[],"etheme_brands":[],"product_brand":[],"product_cat":[71,155],"product_tag":[],"class_list":{"0":"post-5280","1":"product","2":"type-product","3":"status-publish","4":"has-post-thumbnail","6":"product_cat-kiz","7":"product_cat-toka","9":"first","10":"instock","11":"taxable","12":"shipping-taxable","13":"purchasable","14":"product-type-simple"},"_links":{"self":[{"href":"https:\/\/www.togykids.com\/tr\/wp-json\/wp\/v2\/product\/5280","targetHints":{"allow":["GET"]}}],"collection":[{"href":"https:\/\/www.togykids.com\/tr\/wp-json\/wp\/v2\/product"}],"about":[{"href":"https:\/\/www.togykids.com\/tr\/wp-json\/wp\/v2\/types\/product"}],"replies":[{"embeddable":true,"href":"https:\/\/www.togykids.com\/tr\/wp-json\/wp\/v2\/comments?post=5280"}],"version-history":[{"count":1,"href":"https:\/\/www.togykids.com\/tr\/wp-json\/wp\/v2\/product\/5280\/revisions"}],"predecessor-version":[{"id":5281,"href":"https:\/\/www.togykids.com\/tr\/wp-json\/wp\/v2\/product\/5280\/revisions\/5281"}],"wp:featuredmedia":[{"embeddable":true,"href":"https:\/\/www.togykids.com\/tr\/wp-json\/wp\/v2\/media\/5278"}],"wp:attachment":[{"href":"https:\/\/www.togykids.com\/tr\/wp-json\/wp\/v2\/media?parent=5280"}],"wp:term":[{"taxonomy":"brand","embeddable":true,"href":"https:\/\/www.togykids.com\/tr\/wp-json\/wp\/v2\/etheme_brands?post=5280"},{"taxonomy":"product_brand","embeddable":true,"href":"https:\/\/www.togykids.com\/tr\/wp-json\/wp\/v2\/product_brand?post=5280"},{"taxonomy":"product_cat","embeddable":true,"href":"https:\/\/www.togykids.com\/tr\/wp-json\/wp\/v2\/product_cat?post=5280"},{"taxonomy":"product_tag","embeddable":true,"href":"https:\/\/www.togykids.com\/tr\/wp-json\/wp\/v2\/product_tag?post=5280"}],"curies":[{"name":"wp","href":"https:\/\/api.w.org\/{rel}","templated":true}]}}