{"id":5185,"date":"2026-02-02T10:54:43","date_gmt":"2026-02-02T10:54:43","guid":{"rendered":"https:\/\/www.togykids.com\/product\/lora-girls-dress\/"},"modified":"2026-02-02T10:57:42","modified_gmt":"2026-02-02T10:57:42","slug":"lora-kiz-elbise","status":"publish","type":"product","link":"https:\/\/www.togykids.com\/tr\/product\/lora-kiz-elbise\/","title":{"rendered":"LORA KIZ ELB\u0130SE"},"content":{"rendered":"<h3 data-path-to-node=\"3\"><b data-path-to-node=\"3\" data-index-in-node=\"0\">Kalp Nak\u0131\u015fl\u0131 Kat Kat T\u00fcll\u00fc K\u0131z \u00c7ocuk Prenses Elbise<\/b><\/h3>\n<p data-path-to-node=\"4\">Minik prensesinizin en \u00f6zel g\u00fcnlerinde \u0131\u015f\u0131ldamas\u0131n\u0131 sa\u011flayacak, zarafet ve konforun birle\u015fti\u011fi e\u015fsiz bir tasar\u0131m! Do\u011fum g\u00fcnleri, d\u00fc\u011f\u00fcnler, bayramlar ve t\u00fcm \u00f6zel kutlamalar i\u00e7in m\u00fckemmel bir se\u00e7im.<\/p>\n<p data-path-to-node=\"5\"><b data-path-to-node=\"5\" data-index-in-node=\"0\">\u00dcr\u00fcn Detaylar\u0131:<\/b><\/p>\n<ul data-path-to-node=\"6\">\n<li>\n<p data-path-to-node=\"6,0,0\"><b data-path-to-node=\"6,0,0\" data-index-in-node=\"0\">\u00dcst G\u00f6vde:<\/b> Romantik kalp desenli \u00f6zel nak\u0131\u015fl\u0131 dantel kuma\u015f ile tasarlanm\u0131\u015ft\u0131r.<\/p>\n<\/li>\n<li>\n<p data-path-to-node=\"6,1,0\"><b data-path-to-node=\"6,1,0\" data-index-in-node=\"0\">Kollar:<\/b> \u015e\u0131kl\u0131\u011f\u0131 tamamlayan, kalp motifli \u015feffaf dantel detayl\u0131 uzun kollar.<\/p>\n<\/li>\n<li>\n<p data-path-to-node=\"6,2,0\"><b data-path-to-node=\"6,2,0\" data-index-in-node=\"0\">Etek:<\/b> Hacimli ve masals\u0131 bir g\u00f6r\u00fcn\u00fcm sunan 3 katl\u0131 kabar\u0131k kristal t\u00fcl.<\/p>\n<\/li>\n<li>\n<p data-path-to-node=\"6,3,0\"><b data-path-to-node=\"6,3,0\" data-index-in-node=\"0\">Detay:<\/b> Arka k\u0131s\u0131mda elbiseye hareket katan b\u00fcy\u00fck ve \u015f\u0131k bir fiyonk detay\u0131 bulunmaktad\u0131r.<\/p>\n<\/li>\n<\/ul>\n","protected":false},"excerpt":{"rendered":"<ul>\n<li>2\/3\/4\/5 YA\u015e<\/li>\n<\/ul>\n","protected":false},"featured_media":5175,"comment_status":"open","ping_status":"closed","template":"","meta":[],"etheme_brands":[],"product_brand":[],"product_cat":[71,72],"product_tag":[],"class_list":{"0":"post-5185","1":"product","2":"type-product","3":"status-publish","4":"has-post-thumbnail","6":"product_cat-kiz","7":"product_cat-mevsimlik","9":"first","10":"instock","11":"taxable","12":"shipping-taxable","13":"purchasable","14":"product-type-variable"},"_links":{"self":[{"href":"https:\/\/www.togykids.com\/tr\/wp-json\/wp\/v2\/product\/5185","targetHints":{"allow":["GET"]}}],"collection":[{"href":"https:\/\/www.togykids.com\/tr\/wp-json\/wp\/v2\/product"}],"about":[{"href":"https:\/\/www.togykids.com\/tr\/wp-json\/wp\/v2\/types\/product"}],"replies":[{"embeddable":true,"href":"https:\/\/www.togykids.com\/tr\/wp-json\/wp\/v2\/comments?post=5185"}],"version-history":[{"count":2,"href":"https:\/\/www.togykids.com\/tr\/wp-json\/wp\/v2\/product\/5185\/revisions"}],"predecessor-version":[{"id":5191,"href":"https:\/\/www.togykids.com\/tr\/wp-json\/wp\/v2\/product\/5185\/revisions\/5191"}],"wp:featuredmedia":[{"embeddable":true,"href":"https:\/\/www.togykids.com\/tr\/wp-json\/wp\/v2\/media\/5175"}],"wp:attachment":[{"href":"https:\/\/www.togykids.com\/tr\/wp-json\/wp\/v2\/media?parent=5185"}],"wp:term":[{"taxonomy":"brand","embeddable":true,"href":"https:\/\/www.togykids.com\/tr\/wp-json\/wp\/v2\/etheme_brands?post=5185"},{"taxonomy":"product_brand","embeddable":true,"href":"https:\/\/www.togykids.com\/tr\/wp-json\/wp\/v2\/product_brand?post=5185"},{"taxonomy":"product_cat","embeddable":true,"href":"https:\/\/www.togykids.com\/tr\/wp-json\/wp\/v2\/product_cat?post=5185"},{"taxonomy":"product_tag","embeddable":true,"href":"https:\/\/www.togykids.com\/tr\/wp-json\/wp\/v2\/product_tag?post=5185"}],"curies":[{"name":"wp","href":"https:\/\/api.w.org\/{rel}","templated":true}]}}