{"id":5123,"date":"2026-01-20T11:41:54","date_gmt":"2026-01-20T11:41:54","guid":{"rendered":"https:\/\/www.togykids.com\/product\/floral-pattern-powder-pink-bow-hair-clip-set\/"},"modified":"2026-02-23T13:45:00","modified_gmt":"2026-02-23T13:45:00","slug":"cicek-desenli-ve-pudra-pembe-fiyonklu-sac-tokasi-seti","status":"publish","type":"product","link":"https:\/\/www.togykids.com\/tr\/product\/cicek-desenli-ve-pudra-pembe-fiyonklu-sac-tokasi-seti\/","title":{"rendered":"\u00c7i\u00e7ek Desenli ve Pudra Pembe Fiyonklu Sa\u00e7 Tokas\u0131 Seti"},"content":{"rendered":"<ul>\n<li>Yumu\u015fak kuma\u015flardan yap\u0131lm\u0131\u015f sa\u00e7 tokalar\u0131, sa\u00e7\u0131 \u00e7ekmeden rahat kullan\u0131m sa\u011flar. Hafif yap\u0131s\u0131 g\u00fcn boyu konfor sunar. Bebekler, \u00e7ocuklar ve yeti\u015fkinler i\u00e7in uygundur.<\/li>\n<\/ul>\n","protected":false},"excerpt":{"rendered":"<p>Yumu\u015fak kuma\u015flardan yap\u0131lm\u0131\u015f sa\u00e7 tokalar\u0131, sa\u00e7\u0131 \u00e7ekmeden rahat kullan\u0131m sa\u011flar. Hafif yap\u0131s\u0131 g\u00fcn boyu konfor sunar..<\/p>\n","protected":false},"featured_media":5034,"comment_status":"open","ping_status":"closed","template":"","meta":[],"etheme_brands":[],"product_brand":[],"product_cat":[71,155],"product_tag":[],"class_list":{"0":"post-5123","1":"product","2":"type-product","3":"status-publish","4":"has-post-thumbnail","6":"product_cat-kiz","7":"product_cat-toka","9":"first","10":"instock","11":"taxable","12":"shipping-taxable","13":"purchasable","14":"product-type-simple"},"_links":{"self":[{"href":"https:\/\/www.togykids.com\/tr\/wp-json\/wp\/v2\/product\/5123","targetHints":{"allow":["GET"]}}],"collection":[{"href":"https:\/\/www.togykids.com\/tr\/wp-json\/wp\/v2\/product"}],"about":[{"href":"https:\/\/www.togykids.com\/tr\/wp-json\/wp\/v2\/types\/product"}],"replies":[{"embeddable":true,"href":"https:\/\/www.togykids.com\/tr\/wp-json\/wp\/v2\/comments?post=5123"}],"version-history":[{"count":1,"href":"https:\/\/www.togykids.com\/tr\/wp-json\/wp\/v2\/product\/5123\/revisions"}],"predecessor-version":[{"id":5124,"href":"https:\/\/www.togykids.com\/tr\/wp-json\/wp\/v2\/product\/5123\/revisions\/5124"}],"wp:featuredmedia":[{"embeddable":true,"href":"https:\/\/www.togykids.com\/tr\/wp-json\/wp\/v2\/media\/5034"}],"wp:attachment":[{"href":"https:\/\/www.togykids.com\/tr\/wp-json\/wp\/v2\/media?parent=5123"}],"wp:term":[{"taxonomy":"brand","embeddable":true,"href":"https:\/\/www.togykids.com\/tr\/wp-json\/wp\/v2\/etheme_brands?post=5123"},{"taxonomy":"product_brand","embeddable":true,"href":"https:\/\/www.togykids.com\/tr\/wp-json\/wp\/v2\/product_brand?post=5123"},{"taxonomy":"product_cat","embeddable":true,"href":"https:\/\/www.togykids.com\/tr\/wp-json\/wp\/v2\/product_cat?post=5123"},{"taxonomy":"product_tag","embeddable":true,"href":"https:\/\/www.togykids.com\/tr\/wp-json\/wp\/v2\/product_tag?post=5123"}],"curies":[{"name":"wp","href":"https:\/\/api.w.org\/{rel}","templated":true}]}}