{"id":5119,"date":"2026-01-20T11:40:25","date_gmt":"2026-01-20T11:40:25","guid":{"rendered":"https:\/\/www.togykids.com\/product\/pink-lace-leopard-print-bow-hair-clip-set\/"},"modified":"2026-02-23T13:45:56","modified_gmt":"2026-02-23T13:45:56","slug":"pembe-dantel-ve-leopar-desenli-fiyonk-toka-seti","status":"publish","type":"product","link":"https:\/\/www.togykids.com\/tr\/product\/pembe-dantel-ve-leopar-desenli-fiyonk-toka-seti\/","title":{"rendered":"Pembe Dantel ve Leopar Desenli Fiyonk Toka Seti"},"content":{"rendered":"<ul>\n<li>Yumu\u015fak dokulu kuma\u015ftan \u00fcretilen fiyonklar, sa\u00e7\u0131 \u00e7ekmeden rahat bir kullan\u0131m sa\u011flar. Hafif yap\u0131s\u0131 sayesinde g\u00fcn boyu konforludur. Bebekler, \u00e7ocuklar ve yeti\u015fkinler i\u00e7in uygundur.<\/li>\n<\/ul>\n","protected":false},"excerpt":{"rendered":"<p>Yumu\u015fak dokulu kuma\u015ftan \u00fcretilen fiyonklar, sa\u00e7\u0131 \u00e7ekmeden rahat bir kullan\u0131m sa\u011flar. Hafif yap\u0131s\u0131 sayesinde g\u00fcn boyu.<\/p>\n","protected":false},"featured_media":5030,"comment_status":"open","ping_status":"closed","template":"","meta":[],"etheme_brands":[],"product_brand":[],"product_cat":[71,155],"product_tag":[],"class_list":{"0":"post-5119","1":"product","2":"type-product","3":"status-publish","4":"has-post-thumbnail","6":"product_cat-kiz","7":"product_cat-toka","9":"first","10":"instock","11":"taxable","12":"shipping-taxable","13":"purchasable","14":"product-type-simple"},"_links":{"self":[{"href":"https:\/\/www.togykids.com\/tr\/wp-json\/wp\/v2\/product\/5119","targetHints":{"allow":["GET"]}}],"collection":[{"href":"https:\/\/www.togykids.com\/tr\/wp-json\/wp\/v2\/product"}],"about":[{"href":"https:\/\/www.togykids.com\/tr\/wp-json\/wp\/v2\/types\/product"}],"replies":[{"embeddable":true,"href":"https:\/\/www.togykids.com\/tr\/wp-json\/wp\/v2\/comments?post=5119"}],"version-history":[{"count":2,"href":"https:\/\/www.togykids.com\/tr\/wp-json\/wp\/v2\/product\/5119\/revisions"}],"predecessor-version":[{"id":5121,"href":"https:\/\/www.togykids.com\/tr\/wp-json\/wp\/v2\/product\/5119\/revisions\/5121"}],"wp:featuredmedia":[{"embeddable":true,"href":"https:\/\/www.togykids.com\/tr\/wp-json\/wp\/v2\/media\/5030"}],"wp:attachment":[{"href":"https:\/\/www.togykids.com\/tr\/wp-json\/wp\/v2\/media?parent=5119"}],"wp:term":[{"taxonomy":"brand","embeddable":true,"href":"https:\/\/www.togykids.com\/tr\/wp-json\/wp\/v2\/etheme_brands?post=5119"},{"taxonomy":"product_brand","embeddable":true,"href":"https:\/\/www.togykids.com\/tr\/wp-json\/wp\/v2\/product_brand?post=5119"},{"taxonomy":"product_cat","embeddable":true,"href":"https:\/\/www.togykids.com\/tr\/wp-json\/wp\/v2\/product_cat?post=5119"},{"taxonomy":"product_tag","embeddable":true,"href":"https:\/\/www.togykids.com\/tr\/wp-json\/wp\/v2\/product_tag?post=5119"}],"curies":[{"name":"wp","href":"https:\/\/api.w.org\/{rel}","templated":true}]}}