{"id":5111,"date":"2026-01-20T11:32:43","date_gmt":"2026-01-20T11:32:43","guid":{"rendered":"https:\/\/www.togykids.com\/product\/velvet-burgundy-cream-hair-bow-clip-set\/"},"modified":"2026-02-23T13:48:45","modified_gmt":"2026-02-23T13:48:45","slug":"kadife-bordo-ve-krem-sac-tokasi-seti","status":"publish","type":"product","link":"https:\/\/www.togykids.com\/tr\/product\/kadife-bordo-ve-krem-sac-tokasi-seti\/","title":{"rendered":"Kadife Bordo ve Krem Sa\u00e7 Tokas\u0131 Seti"},"content":{"rendered":"<ul>\n<li>Hafif ve nazik olacak \u015fekilde tasarlanm\u0131\u015f olan bu tokalar, sa\u00e7\u0131 \u00e7ekmeden veya zarar vermeden rahat bir tutu\u015f sa\u011flar. Bebekler, \u00e7ocuklar ve yeti\u015fkinler i\u00e7in uygundur, bu set g\u00fcnl\u00fck kullan\u0131m ve \u00f6zel g\u00fcnler i\u00e7in m\u00fckemmeldir.\n<p>Tasar\u0131m: Fiyonk detay\u0131<\/p>\n<p>Renkler: Bordo kadife &amp; krem<\/p>\n<p>Malzeme: Kadife ve yumu\u015fak kuma\u015f<\/p>\n<p>Kullan\u0131m: G\u00fcnl\u00fck kullan\u0131m, \u00f6zel g\u00fcnler, etkinlikler, foto\u011fraf \u00e7ekimleri<\/p>\n<p>Sa\u00e7 i\u00e7in hafif ve nazik<\/li>\n<\/ul>\n","protected":false},"excerpt":{"rendered":"<p>Hafif ve nazik olacak \u015fekilde tasarlanm\u0131\u015f olan bu tokalar, sa\u00e7\u0131 \u00e7ekmeden veya zarar vermeden rahat bir.<\/p>\n","protected":false},"featured_media":5017,"comment_status":"open","ping_status":"closed","template":"","meta":[],"etheme_brands":[],"product_brand":[],"product_cat":[71,155],"product_tag":[],"class_list":{"0":"post-5111","1":"product","2":"type-product","3":"status-publish","4":"has-post-thumbnail","6":"product_cat-kiz","7":"product_cat-toka","9":"first","10":"instock","11":"taxable","12":"shipping-taxable","13":"purchasable","14":"product-type-simple"},"_links":{"self":[{"href":"https:\/\/www.togykids.com\/tr\/wp-json\/wp\/v2\/product\/5111","targetHints":{"allow":["GET"]}}],"collection":[{"href":"https:\/\/www.togykids.com\/tr\/wp-json\/wp\/v2\/product"}],"about":[{"href":"https:\/\/www.togykids.com\/tr\/wp-json\/wp\/v2\/types\/product"}],"replies":[{"embeddable":true,"href":"https:\/\/www.togykids.com\/tr\/wp-json\/wp\/v2\/comments?post=5111"}],"version-history":[{"count":1,"href":"https:\/\/www.togykids.com\/tr\/wp-json\/wp\/v2\/product\/5111\/revisions"}],"predecessor-version":[{"id":5112,"href":"https:\/\/www.togykids.com\/tr\/wp-json\/wp\/v2\/product\/5111\/revisions\/5112"}],"wp:featuredmedia":[{"embeddable":true,"href":"https:\/\/www.togykids.com\/tr\/wp-json\/wp\/v2\/media\/5017"}],"wp:attachment":[{"href":"https:\/\/www.togykids.com\/tr\/wp-json\/wp\/v2\/media?parent=5111"}],"wp:term":[{"taxonomy":"brand","embeddable":true,"href":"https:\/\/www.togykids.com\/tr\/wp-json\/wp\/v2\/etheme_brands?post=5111"},{"taxonomy":"product_brand","embeddable":true,"href":"https:\/\/www.togykids.com\/tr\/wp-json\/wp\/v2\/product_brand?post=5111"},{"taxonomy":"product_cat","embeddable":true,"href":"https:\/\/www.togykids.com\/tr\/wp-json\/wp\/v2\/product_cat?post=5111"},{"taxonomy":"product_tag","embeddable":true,"href":"https:\/\/www.togykids.com\/tr\/wp-json\/wp\/v2\/product_tag?post=5111"}],"curies":[{"name":"wp","href":"https:\/\/api.w.org\/{rel}","templated":true}]}}