{"id":5107,"date":"2026-01-20T11:23:24","date_gmt":"2026-01-20T11:23:24","guid":{"rendered":"https:\/\/www.togykids.com\/product\/lace-fabric-hair-bow-clips-pink-white\/"},"modified":"2026-02-23T13:49:46","modified_gmt":"2026-02-23T13:49:46","slug":"dantel-kumas-sac-tokasi-pembe-beyaz","status":"publish","type":"product","link":"https:\/\/www.togykids.com\/tr\/product\/dantel-kumas-sac-tokasi-pembe-beyaz\/","title":{"rendered":"Dantel Kuma\u015f Sa\u00e7 Tokas\u0131 &#8211; Pembe &#038; Beyaz"},"content":{"rendered":"<ul>\n<li>Yumu\u015fak, hafif kuma\u015ftan \u00fcretilmi\u015f olan klipsler, sa\u00e7\u0131 \u00e7ekmeden veya zarar vermeden nazik ve rahat bir tutu\u015f sa\u011flar. Bebekler, \u00e7ocuklar ve yeti\u015fkinler i\u00e7in uygundur.\n<p>Tasar\u0131m: Dantel ve kuma\u015f fiyonklar<\/p>\n<p>Renkler: Pembe ve beyaz<\/p>\n<p>Malzeme: Yumu\u015fak kuma\u015f<\/p>\n<p>Kullan\u0131m: G\u00fcnl\u00fck kullan\u0131m, \u00f6zel g\u00fcnler, do\u011fum g\u00fcnleri, foto\u011fraf \u00e7ekimleri<\/p>\n<p>Hafif ve sa\u00e7a nazik<\/li>\n<\/ul>\n","protected":false},"excerpt":{"rendered":"<p>Yumu\u015fak, hafif kuma\u015ftan \u00fcretilmi\u015f olan klipsler, sa\u00e7\u0131 \u00e7ekmeden veya zarar vermeden nazik ve rahat bir tutu\u015f.<\/p>\n","protected":false},"featured_media":5010,"comment_status":"open","ping_status":"closed","template":"","meta":[],"etheme_brands":[],"product_brand":[],"product_cat":[71,155],"product_tag":[],"class_list":{"0":"post-5107","1":"product","2":"type-product","3":"status-publish","4":"has-post-thumbnail","6":"product_cat-kiz","7":"product_cat-toka","9":"first","10":"instock","11":"taxable","12":"shipping-taxable","13":"purchasable","14":"product-type-simple"},"_links":{"self":[{"href":"https:\/\/www.togykids.com\/tr\/wp-json\/wp\/v2\/product\/5107","targetHints":{"allow":["GET"]}}],"collection":[{"href":"https:\/\/www.togykids.com\/tr\/wp-json\/wp\/v2\/product"}],"about":[{"href":"https:\/\/www.togykids.com\/tr\/wp-json\/wp\/v2\/types\/product"}],"replies":[{"embeddable":true,"href":"https:\/\/www.togykids.com\/tr\/wp-json\/wp\/v2\/comments?post=5107"}],"version-history":[{"count":2,"href":"https:\/\/www.togykids.com\/tr\/wp-json\/wp\/v2\/product\/5107\/revisions"}],"predecessor-version":[{"id":5109,"href":"https:\/\/www.togykids.com\/tr\/wp-json\/wp\/v2\/product\/5107\/revisions\/5109"}],"wp:featuredmedia":[{"embeddable":true,"href":"https:\/\/www.togykids.com\/tr\/wp-json\/wp\/v2\/media\/5010"}],"wp:attachment":[{"href":"https:\/\/www.togykids.com\/tr\/wp-json\/wp\/v2\/media?parent=5107"}],"wp:term":[{"taxonomy":"brand","embeddable":true,"href":"https:\/\/www.togykids.com\/tr\/wp-json\/wp\/v2\/etheme_brands?post=5107"},{"taxonomy":"product_brand","embeddable":true,"href":"https:\/\/www.togykids.com\/tr\/wp-json\/wp\/v2\/product_brand?post=5107"},{"taxonomy":"product_cat","embeddable":true,"href":"https:\/\/www.togykids.com\/tr\/wp-json\/wp\/v2\/product_cat?post=5107"},{"taxonomy":"product_tag","embeddable":true,"href":"https:\/\/www.togykids.com\/tr\/wp-json\/wp\/v2\/product_tag?post=5107"}],"curies":[{"name":"wp","href":"https:\/\/api.w.org\/{rel}","templated":true}]}}