{"id":5095,"date":"2026-01-28T09:42:54","date_gmt":"2026-01-28T09:42:54","guid":{"rendered":"https:\/\/www.togykids.com\/product\/evie-baby-dress\/"},"modified":"2026-01-28T09:52:03","modified_gmt":"2026-01-28T09:52:03","slug":"evie-bebek-elbise","status":"publish","type":"product","link":"https:\/\/www.togykids.com\/tr\/product\/evie-bebek-elbise\/","title":{"rendered":"EVIE BEBEK ELB\u0130SE"},"content":{"rendered":"<p>&#x1f457;<strong>\u015eIK VE SEV\u0130ML\u0130 TASARIM<\/strong><\/p>\n<p>Bu sevimli bebek elbisesi,\u00a0 yumu\u015fak uzun kollu \u00fcst miniklerin \u015f\u0131kl\u0131\u011f\u0131n\u0131 tamamlar. G\u00fcnl\u00fck kullan\u0131mda ya da \u00f6zel g\u00fcnlerde rahatl\u0131kla tercih edilebilir.<\/p>\n<p>&#x1f338; <strong data-start=\"576\" data-end=\"632\">KONFORLU VE YUMU\u015eAK DOKU<\/strong><\/p>\n<p>Hassas bebek cildi d\u00fc\u015f\u00fcn\u00fclerek \u00fcretilmi\u015f yumu\u015fak ve nefes alabilen kuma\u015fa sahiptir. G\u00fcn boyu rahat hareket imk\u00e2n\u0131 sunar.<\/p>\n<p>&#x1f380; <strong data-start=\"901\" data-end=\"932\">\u015eIK DETAYLAR<\/strong><\/p>\n<p>Bel k\u0131sm\u0131ndaki fiyonk detay\u0131 ve etek ucundaki f\u0131rf\u0131rlar elbiseye tatl\u0131 ve zarif bir hava katar.<\/p>\n<p>&#x1f476; <strong data-start=\"1139\" data-end=\"1208\">G\u00dcNL\u00dcK &amp; \u00d6ZEL G\u00dcNLER \u0130\u00c7\u0130N <\/strong><\/p>\n<p>Do\u011fum g\u00fcn\u00fc, misafirlik, foto\u011fraf \u00e7ekimleri veya g\u00fcnl\u00fck kullan\u0131m i\u00e7in ideal bir se\u00e7imdir.<\/p>\n<p>&nbsp;<\/p>\n<p>&nbsp;<\/p>\n","protected":false},"excerpt":{"rendered":"<ul>\n<li>6-9\/9-12\/12-18\/18-24\/ AY<\/li>\n<\/ul>\n","protected":false},"featured_media":5160,"comment_status":"open","ping_status":"closed","template":"","meta":[],"etheme_brands":[],"product_brand":[],"product_cat":[71,72],"product_tag":[],"class_list":{"0":"post-5095","1":"product","2":"type-product","3":"status-publish","4":"has-post-thumbnail","6":"product_cat-kiz","7":"product_cat-mevsimlik","9":"first","10":"instock","11":"taxable","12":"shipping-taxable","13":"purchasable","14":"product-type-variable"},"_links":{"self":[{"href":"https:\/\/www.togykids.com\/tr\/wp-json\/wp\/v2\/product\/5095","targetHints":{"allow":["GET"]}}],"collection":[{"href":"https:\/\/www.togykids.com\/tr\/wp-json\/wp\/v2\/product"}],"about":[{"href":"https:\/\/www.togykids.com\/tr\/wp-json\/wp\/v2\/types\/product"}],"replies":[{"embeddable":true,"href":"https:\/\/www.togykids.com\/tr\/wp-json\/wp\/v2\/comments?post=5095"}],"version-history":[{"count":2,"href":"https:\/\/www.togykids.com\/tr\/wp-json\/wp\/v2\/product\/5095\/revisions"}],"predecessor-version":[{"id":5106,"href":"https:\/\/www.togykids.com\/tr\/wp-json\/wp\/v2\/product\/5095\/revisions\/5106"}],"wp:featuredmedia":[{"embeddable":true,"href":"https:\/\/www.togykids.com\/tr\/wp-json\/wp\/v2\/media\/5160"}],"wp:attachment":[{"href":"https:\/\/www.togykids.com\/tr\/wp-json\/wp\/v2\/media?parent=5095"}],"wp:term":[{"taxonomy":"brand","embeddable":true,"href":"https:\/\/www.togykids.com\/tr\/wp-json\/wp\/v2\/etheme_brands?post=5095"},{"taxonomy":"product_brand","embeddable":true,"href":"https:\/\/www.togykids.com\/tr\/wp-json\/wp\/v2\/product_brand?post=5095"},{"taxonomy":"product_cat","embeddable":true,"href":"https:\/\/www.togykids.com\/tr\/wp-json\/wp\/v2\/product_cat?post=5095"},{"taxonomy":"product_tag","embeddable":true,"href":"https:\/\/www.togykids.com\/tr\/wp-json\/wp\/v2\/product_tag?post=5095"}],"curies":[{"name":"wp","href":"https:\/\/api.w.org\/{rel}","templated":true}]}}