{"id":5066,"date":"2026-01-27T14:00:23","date_gmt":"2026-01-27T14:00:23","guid":{"rendered":"https:\/\/www.togykids.com\/product\/evie-girls-dress\/"},"modified":"2026-01-27T14:08:39","modified_gmt":"2026-01-27T14:08:39","slug":"evie-kiz-elbise","status":"publish","type":"product","link":"https:\/\/www.togykids.com\/tr\/product\/evie-kiz-elbise\/","title":{"rendered":"EV\u0130E KIZ ELB\u0130SE"},"content":{"rendered":"<h3 data-path-to-node=\"11\">&#x1f31f;<\/h3>\n<p>K\u00fc\u00e7\u00fck prenseslerin gard\u0131robuna zarafet katacak bu \u00f6zel tasar\u0131m, hem g\u00fcnl\u00fck \u015f\u0131kl\u0131k hem de \u00f6zel g\u00fcnler i\u00e7in m\u00fckemmel bir se\u00e7im! Vintage esintili tasar\u0131m\u0131yla dikkat \u00e7eken bu tak\u0131m, konfor ve \u015f\u0131kl\u0131\u011f\u0131 bir arada sunuyor<\/p>\n","protected":false},"excerpt":{"rendered":"<ul>\n<li>6-9\/9-12\/12-18\/18-24 AY<\/li>\n<\/ul>\n","protected":false},"featured_media":5056,"comment_status":"open","ping_status":"closed","template":"","meta":[],"etheme_brands":[],"product_brand":[],"product_cat":[71,72],"product_tag":[],"class_list":{"0":"post-5066","1":"product","2":"type-product","3":"status-publish","4":"has-post-thumbnail","6":"product_cat-kiz","7":"product_cat-mevsimlik","9":"first","10":"instock","11":"taxable","12":"shipping-taxable","13":"purchasable","14":"product-type-variable"},"_links":{"self":[{"href":"https:\/\/www.togykids.com\/tr\/wp-json\/wp\/v2\/product\/5066","targetHints":{"allow":["GET"]}}],"collection":[{"href":"https:\/\/www.togykids.com\/tr\/wp-json\/wp\/v2\/product"}],"about":[{"href":"https:\/\/www.togykids.com\/tr\/wp-json\/wp\/v2\/types\/product"}],"replies":[{"embeddable":true,"href":"https:\/\/www.togykids.com\/tr\/wp-json\/wp\/v2\/comments?post=5066"}],"version-history":[{"count":2,"href":"https:\/\/www.togykids.com\/tr\/wp-json\/wp\/v2\/product\/5066\/revisions"}],"predecessor-version":[{"id":5077,"href":"https:\/\/www.togykids.com\/tr\/wp-json\/wp\/v2\/product\/5066\/revisions\/5077"}],"wp:featuredmedia":[{"embeddable":true,"href":"https:\/\/www.togykids.com\/tr\/wp-json\/wp\/v2\/media\/5056"}],"wp:attachment":[{"href":"https:\/\/www.togykids.com\/tr\/wp-json\/wp\/v2\/media?parent=5066"}],"wp:term":[{"taxonomy":"brand","embeddable":true,"href":"https:\/\/www.togykids.com\/tr\/wp-json\/wp\/v2\/etheme_brands?post=5066"},{"taxonomy":"product_brand","embeddable":true,"href":"https:\/\/www.togykids.com\/tr\/wp-json\/wp\/v2\/product_brand?post=5066"},{"taxonomy":"product_cat","embeddable":true,"href":"https:\/\/www.togykids.com\/tr\/wp-json\/wp\/v2\/product_cat?post=5066"},{"taxonomy":"product_tag","embeddable":true,"href":"https:\/\/www.togykids.com\/tr\/wp-json\/wp\/v2\/product_tag?post=5066"}],"curies":[{"name":"wp","href":"https:\/\/api.w.org\/{rel}","templated":true}]}}