{"id":4968,"date":"2025-12-22T11:56:38","date_gmt":"2025-12-22T11:56:38","guid":{"rendered":"https:\/\/www.togykids.com\/product\/white-lace-red-bow-hair-clip-set\/"},"modified":"2026-02-27T12:51:35","modified_gmt":"2026-02-27T12:51:35","slug":"beyaz-dantel-ve-kirmizi-fiyonk-seti","status":"publish","type":"product","link":"https:\/\/www.togykids.com\/tr\/product\/beyaz-dantel-ve-kirmizi-fiyonk-seti\/","title":{"rendered":"BEYAZ DANTEL VE KIRMIZI F\u0130YONK SET\u0130"},"content":{"rendered":"<h3 data-path-to-node=\"2\">&#x1f380; Beyaz Dantel &amp; K\u0131rm\u0131z\u0131 Fiyonk Toka Seti<\/h3>\n<ul data-path-to-node=\"3\">\n<li>\n<p data-path-to-node=\"3,0,0\"><b data-path-to-node=\"3,0,0\" data-index-in-node=\"0\">Paket \u0130\u00e7eri\u011fi:<\/b> Narin beyaz dantel detaylar\u0131 ve iddial\u0131, tutkulu k\u0131rm\u0131z\u0131 fiyonklardan olu\u015fan g\u00f6z al\u0131c\u0131 bir set.<\/p>\n<\/li>\n<li>\n<p data-path-to-node=\"3,1,0\"><b data-path-to-node=\"3,1,0\" data-index-in-node=\"0\">Tasar\u0131m:<\/b> Sofistike ve vintage esintili bir g\u00f6r\u00fcn\u00fcm i\u00e7in romantik dantel dokular\u0131 ile klasik k\u0131rm\u0131z\u0131n\u0131n zamans\u0131z birle\u015fimi.<\/p>\n<\/li>\n<li>\n<p data-path-to-node=\"3,2,0\"><b data-path-to-node=\"3,2,0\" data-index-in-node=\"0\">G\u00fcvenli Tutu\u015f:<\/b> Sa\u00e7\u0131 g\u00fcn boyu s\u0131k\u0131 ama nazik bir \u015fekilde kavrayan, y\u00fcksek kaliteli ve kaymaz klipslerle donat\u0131lm\u0131\u015ft\u0131r.<\/p>\n<\/li>\n<li>\n<p data-path-to-node=\"3,3,0\"><b data-path-to-node=\"3,3,0\" data-index-in-node=\"0\">Birinci S\u0131n\u0131f Kalite:<\/b> Zarif formlar\u0131n\u0131 ve canl\u0131 renklerini korumak i\u00e7in tasarlanm\u0131\u015f, narin dantel ve \u00fcst segment kuma\u015flardan \u00fcretilmi\u015ftir.<\/p>\n<\/li>\n<li>\n<p data-path-to-node=\"3,4,0\"><b data-path-to-node=\"3,4,0\" data-index-in-node=\"0\">\u00c7ok Y\u00f6nl\u00fc Stil:<\/b> Bayram kutlamalar\u0131, okul etkinlikleri, foto\u011fraf \u00e7ekimleri veya herhangi bir k\u0131yafete \u015f\u0131k bir renk katmak i\u00e7in m\u00fckemmeldir.<\/p>\n<\/li>\n<li>\n<p data-path-to-node=\"3,5,0\"><b data-path-to-node=\"3,5,0\" data-index-in-node=\"0\">Hediye \u0130\u00e7in Haz\u0131r:<\/b> \u015e\u0131k bir sunum kart\u0131 \u00fczerinde g\u00fczelce haz\u0131rlanm\u0131\u015ft\u0131r; do\u011fum g\u00fcnleri veya festival d\u00f6nemleri i\u00e7in harika bir hediye se\u00e7ene\u011fidir.<\/p>\n<\/li>\n<\/ul>\n","protected":false},"excerpt":{"rendered":"<p>&#x1f380; Beyaz Dantel &amp; K\u0131rm\u0131z\u0131 Fiyonk Toka Seti Paket \u0130\u00e7eri\u011fi: Narin beyaz dantel detaylar\u0131 ve iddial\u0131,.<\/p>\n","protected":false},"featured_media":4966,"comment_status":"open","ping_status":"closed","template":"","meta":[],"etheme_brands":[],"product_brand":[],"product_cat":[71,155],"product_tag":[],"class_list":{"0":"post-4968","1":"product","2":"type-product","3":"status-publish","4":"has-post-thumbnail","6":"product_cat-kiz","7":"product_cat-toka","9":"first","10":"instock","11":"taxable","12":"shipping-taxable","13":"purchasable","14":"product-type-simple"},"_links":{"self":[{"href":"https:\/\/www.togykids.com\/tr\/wp-json\/wp\/v2\/product\/4968","targetHints":{"allow":["GET"]}}],"collection":[{"href":"https:\/\/www.togykids.com\/tr\/wp-json\/wp\/v2\/product"}],"about":[{"href":"https:\/\/www.togykids.com\/tr\/wp-json\/wp\/v2\/types\/product"}],"replies":[{"embeddable":true,"href":"https:\/\/www.togykids.com\/tr\/wp-json\/wp\/v2\/comments?post=4968"}],"version-history":[{"count":2,"href":"https:\/\/www.togykids.com\/tr\/wp-json\/wp\/v2\/product\/4968\/revisions"}],"predecessor-version":[{"id":4970,"href":"https:\/\/www.togykids.com\/tr\/wp-json\/wp\/v2\/product\/4968\/revisions\/4970"}],"wp:featuredmedia":[{"embeddable":true,"href":"https:\/\/www.togykids.com\/tr\/wp-json\/wp\/v2\/media\/4966"}],"wp:attachment":[{"href":"https:\/\/www.togykids.com\/tr\/wp-json\/wp\/v2\/media?parent=4968"}],"wp:term":[{"taxonomy":"brand","embeddable":true,"href":"https:\/\/www.togykids.com\/tr\/wp-json\/wp\/v2\/etheme_brands?post=4968"},{"taxonomy":"product_brand","embeddable":true,"href":"https:\/\/www.togykids.com\/tr\/wp-json\/wp\/v2\/product_brand?post=4968"},{"taxonomy":"product_cat","embeddable":true,"href":"https:\/\/www.togykids.com\/tr\/wp-json\/wp\/v2\/product_cat?post=4968"},{"taxonomy":"product_tag","embeddable":true,"href":"https:\/\/www.togykids.com\/tr\/wp-json\/wp\/v2\/product_tag?post=4968"}],"curies":[{"name":"wp","href":"https:\/\/api.w.org\/{rel}","templated":true}]}}