{"id":4954,"date":"2025-12-22T11:49:10","date_gmt":"2025-12-22T11:49:10","guid":{"rendered":"https:\/\/www.togykids.com\/product\/pink-brown-ecru-tulle-bow-hair-clip-set\/"},"modified":"2026-02-24T07:34:22","modified_gmt":"2026-02-24T07:34:22","slug":"pembekahverengi-ve-ekru-tul-toka-seti","status":"publish","type":"product","link":"https:\/\/www.togykids.com\/tr\/product\/pembekahverengi-ve-ekru-tul-toka-seti\/","title":{"rendered":"PEMBE,KAHVERENG\u0130 VE EKRU T\u00dcL TOKA SET\u0130"},"content":{"rendered":"<h3 class=\"\" data-path-to-node=\"2\">&#x1f380; Pembe, Kahverengi &amp; Ekru T\u00fcl Fiyonk Toka Seti<\/h3>\n<ul data-path-to-node=\"3\">\n<li>\n<p data-path-to-node=\"3,0,0\"><b class=\"\" data-path-to-node=\"3,0,0\" data-index-in-node=\"0\">Paket \u0130\u00e7eri\u011fi:<\/b><span class=\"\"> Narin pembe,<\/span><span class=\"\"> zengin kahverengi ve zamans\u0131z ekru tonlar\u0131nda,<\/span><span class=\"\"> u\u00e7u\u015f u\u00e7u\u015f t\u00fcl fiyonklardan olu\u015fan sofistike 3&#8217;l\u00fc set.<\/span><\/p>\n<\/li>\n<li>\n<p data-path-to-node=\"3,1,0\"><b class=\"\" data-path-to-node=\"3,1,0\" data-index-in-node=\"0\">Tasar\u0131m:<\/b><span class=\"\"> Her duruma uygun,<\/span><span class=\"\"> hacimli ancak zarif bir g\u00f6r\u00fcn\u00fcm yaratan hafif t\u00fcl katmanlar\u0131n\u0131n r\u00fcya gibi birle\u015fimi.<\/span><\/p>\n<\/li>\n<li>\n<p data-path-to-node=\"3,2,0\"><b class=\"\" data-path-to-node=\"3,2,0\" data-index-in-node=\"0\">G\u00fcvenli Tutu\u015f:<\/b><span class=\"\"> Sa\u00e7\u0131 g\u00fcn boyu g\u00fcvenli ve konforlu bir \u015fekilde tutmak i\u00e7in tasarlanm\u0131\u015f,<\/span><span class=\"\"> y\u00fcksek kaliteli ve kaymaz klipslerle donat\u0131lm\u0131\u015ft\u0131r.<\/span><\/p>\n<\/li>\n<li>\n<p data-path-to-node=\"3,3,0\"><b class=\"\" data-path-to-node=\"3,3,0\" data-index-in-node=\"0\">Birinci S\u0131n\u0131f Kalite:<\/b><span class=\"\"> Kabar\u0131k formunu ve zarif \u00e7ekicili\u011fini koruyan,<\/span><span class=\"\"> y\u00fcksek kaliteli ve yumu\u015fak dokulu t\u00fcl kuma\u015ftan \u00fcretilmi\u015ftir.<\/span><\/p>\n<\/li>\n<li>\n<p data-path-to-node=\"3,4,0\"><b data-path-to-node=\"3,4,0\" data-index-in-node=\"0\">\u00c7ok Y\u00f6nl\u00fc Stil:<\/b> Nedime \u00e7ocuklar\u0131, do\u011fum g\u00fcn\u00fc partileri, foto\u011fraf \u00e7ekimleri veya g\u00fcnl\u00fck k\u0131yafetlere masals\u0131 bir dokunu\u015f katmak i\u00e7in idealdir.<\/p>\n<\/li>\n<li>\n<p data-path-to-node=\"3,5,0\"><b data-path-to-node=\"3,5,0\" data-index-in-node=\"0\">Hediye \u0130\u00e7in Haz\u0131r:<\/b> \u015e\u0131k bir sunum kart\u0131 \u00fczerinde g\u00fczelce haz\u0131rlanm\u0131\u015ft\u0131r; baby shower partileri, do\u011fum g\u00fcnleri veya \u00f6zel s\u00fcrprizler i\u00e7in m\u00fckemmel bir hediyedir.<\/p>\n<\/li>\n<\/ul>\n","protected":false},"excerpt":{"rendered":"<p>&#x1f380; Pembe, Kahverengi &amp; Ekru T\u00fcl Fiyonk Toka Seti Paket \u0130\u00e7eri\u011fi: Narin pembe, zengin kahverengi ve.<\/p>\n","protected":false},"featured_media":4952,"comment_status":"open","ping_status":"closed","template":"","meta":[],"etheme_brands":[],"product_brand":[],"product_cat":[71,155],"product_tag":[],"class_list":{"0":"post-4954","1":"product","2":"type-product","3":"status-publish","4":"has-post-thumbnail","6":"product_cat-kiz","7":"product_cat-toka","9":"first","10":"instock","11":"taxable","12":"shipping-taxable","13":"purchasable","14":"product-type-simple"},"_links":{"self":[{"href":"https:\/\/www.togykids.com\/tr\/wp-json\/wp\/v2\/product\/4954","targetHints":{"allow":["GET"]}}],"collection":[{"href":"https:\/\/www.togykids.com\/tr\/wp-json\/wp\/v2\/product"}],"about":[{"href":"https:\/\/www.togykids.com\/tr\/wp-json\/wp\/v2\/types\/product"}],"replies":[{"embeddable":true,"href":"https:\/\/www.togykids.com\/tr\/wp-json\/wp\/v2\/comments?post=4954"}],"version-history":[{"count":1,"href":"https:\/\/www.togykids.com\/tr\/wp-json\/wp\/v2\/product\/4954\/revisions"}],"predecessor-version":[{"id":4955,"href":"https:\/\/www.togykids.com\/tr\/wp-json\/wp\/v2\/product\/4954\/revisions\/4955"}],"wp:featuredmedia":[{"embeddable":true,"href":"https:\/\/www.togykids.com\/tr\/wp-json\/wp\/v2\/media\/4952"}],"wp:attachment":[{"href":"https:\/\/www.togykids.com\/tr\/wp-json\/wp\/v2\/media?parent=4954"}],"wp:term":[{"taxonomy":"brand","embeddable":true,"href":"https:\/\/www.togykids.com\/tr\/wp-json\/wp\/v2\/etheme_brands?post=4954"},{"taxonomy":"product_brand","embeddable":true,"href":"https:\/\/www.togykids.com\/tr\/wp-json\/wp\/v2\/product_brand?post=4954"},{"taxonomy":"product_cat","embeddable":true,"href":"https:\/\/www.togykids.com\/tr\/wp-json\/wp\/v2\/product_cat?post=4954"},{"taxonomy":"product_tag","embeddable":true,"href":"https:\/\/www.togykids.com\/tr\/wp-json\/wp\/v2\/product_tag?post=4954"}],"curies":[{"name":"wp","href":"https:\/\/api.w.org\/{rel}","templated":true}]}}