{"id":4947,"date":"2025-12-22T11:45:42","date_gmt":"2025-12-22T11:45:42","guid":{"rendered":"https:\/\/www.togykids.com\/product\/pink-lace-brown-hair-clip-set\/"},"modified":"2026-02-24T07:48:24","modified_gmt":"2026-02-24T07:48:24","slug":"pembe-dantel-ve-kahverengi-toka-seti","status":"publish","type":"product","link":"https:\/\/www.togykids.com\/tr\/product\/pembe-dantel-ve-kahverengi-toka-seti\/","title":{"rendered":"PEMBE DANTEL VE KAHVERENG\u0130 TOKA SET\u0130"},"content":{"rendered":"<h3 class=\"\" data-path-to-node=\"2\">&#x1f380; Pembe Dantel &amp; Kahverengi Fiyonk Toka Seti<\/h3>\n<ul data-path-to-node=\"3\">\n<li>\n<p data-path-to-node=\"3,0,0\"><b class=\"\" data-path-to-node=\"3,0,0\" data-index-in-node=\"0\">Paket \u0130\u00e7eri\u011fi:<\/b><span class=\"\"> Narin pembe dantel fiyonklar ve zengin,<\/span><span class=\"\"> toprak tonlar\u0131nda kahverengiden olu\u015fan harika bir set.<\/span><\/p>\n<\/li>\n<li>\n<p data-path-to-node=\"3,1,0\"><b class=\"\" data-path-to-node=\"3,1,0\" data-index-in-node=\"0\">Tasar\u0131m:<\/b><span class=\"\"> S\u0131cak ve vintage esintili bir g\u00f6r\u00fcn\u00fcm i\u00e7in romantik pembe dantel ile klasik kahverengi kuma\u015f\u0131n benzersiz birle\u015fimi.<\/span><\/p>\n<\/li>\n<li>\n<p data-path-to-node=\"3,2,0\"><b class=\"\" data-path-to-node=\"3,2,0\" data-index-in-node=\"0\">G\u00fcvenli Tutu\u015f:<\/b><span class=\"\"> G\u00fcn boyu konforlu bir \u015fekilde sabit kalan,<\/span><span class=\"\"> y\u00fcksek kaliteli ve kaymaz klipslerle donat\u0131lm\u0131\u015ft\u0131r.<\/span><\/p>\n<\/li>\n<li>\n<p data-path-to-node=\"3,3,0\"><b class=\"\" data-path-to-node=\"3,3,0\" data-index-in-node=\"0\">Birinci S\u0131n\u0131f Kalite:<\/b><span class=\"\"> Formunu ve zarafetini korumak i\u00e7in tasarlanm\u0131\u015f ince dantel ve dayan\u0131kl\u0131,<\/span><span class=\"\"> \u00fcst segment kuma\u015flardan \u00fcretilmi\u015ftir.<\/span><\/p>\n<\/li>\n<li>\n<p data-path-to-node=\"3,4,0\"><b data-path-to-node=\"3,4,0\" data-index-in-node=\"0\">\u00c7ok Y\u00f6nl\u00fc Stil:<\/b> Sonbahar kombinleri, \u00f6zel kutlamalar, \u00e7ay partileri veya g\u00fcnl\u00fck giyime yumu\u015fak bir dokunu\u015f katmak i\u00e7in m\u00fckemmeldir.<\/p>\n<\/li>\n<li>\n<p data-path-to-node=\"3,5,0\"><b data-path-to-node=\"3,5,0\" data-index-in-node=\"0\">Hediye \u0130\u00e7in Haz\u0131r:<\/b> Profesyonel bir sunum kart\u0131 \u00fczerinde gelir; do\u011fum g\u00fcnleri veya mevsimsel s\u00fcrprizler i\u00e7in ho\u015f bir hediye se\u00e7ene\u011fidir.<\/p>\n<\/li>\n<\/ul>\n","protected":false},"excerpt":{"rendered":"<p>&#x1f380; Pembe Dantel &amp; Kahverengi Fiyonk Toka Seti Paket \u0130\u00e7eri\u011fi: Narin pembe dantel fiyonklar ve zengin,.<\/p>\n","protected":false},"featured_media":4945,"comment_status":"open","ping_status":"closed","template":"","meta":[],"etheme_brands":[],"product_brand":[],"product_cat":[71,155],"product_tag":[],"class_list":{"0":"post-4947","1":"product","2":"type-product","3":"status-publish","4":"has-post-thumbnail","6":"product_cat-kiz","7":"product_cat-toka","9":"first","10":"instock","11":"taxable","12":"shipping-taxable","13":"purchasable","14":"product-type-simple"},"_links":{"self":[{"href":"https:\/\/www.togykids.com\/tr\/wp-json\/wp\/v2\/product\/4947","targetHints":{"allow":["GET"]}}],"collection":[{"href":"https:\/\/www.togykids.com\/tr\/wp-json\/wp\/v2\/product"}],"about":[{"href":"https:\/\/www.togykids.com\/tr\/wp-json\/wp\/v2\/types\/product"}],"replies":[{"embeddable":true,"href":"https:\/\/www.togykids.com\/tr\/wp-json\/wp\/v2\/comments?post=4947"}],"version-history":[{"count":1,"href":"https:\/\/www.togykids.com\/tr\/wp-json\/wp\/v2\/product\/4947\/revisions"}],"predecessor-version":[{"id":4948,"href":"https:\/\/www.togykids.com\/tr\/wp-json\/wp\/v2\/product\/4947\/revisions\/4948"}],"wp:featuredmedia":[{"embeddable":true,"href":"https:\/\/www.togykids.com\/tr\/wp-json\/wp\/v2\/media\/4945"}],"wp:attachment":[{"href":"https:\/\/www.togykids.com\/tr\/wp-json\/wp\/v2\/media?parent=4947"}],"wp:term":[{"taxonomy":"brand","embeddable":true,"href":"https:\/\/www.togykids.com\/tr\/wp-json\/wp\/v2\/etheme_brands?post=4947"},{"taxonomy":"product_brand","embeddable":true,"href":"https:\/\/www.togykids.com\/tr\/wp-json\/wp\/v2\/product_brand?post=4947"},{"taxonomy":"product_cat","embeddable":true,"href":"https:\/\/www.togykids.com\/tr\/wp-json\/wp\/v2\/product_cat?post=4947"},{"taxonomy":"product_tag","embeddable":true,"href":"https:\/\/www.togykids.com\/tr\/wp-json\/wp\/v2\/product_tag?post=4947"}],"curies":[{"name":"wp","href":"https:\/\/api.w.org\/{rel}","templated":true}]}}