{"id":4940,"date":"2025-12-22T11:42:01","date_gmt":"2025-12-22T11:42:01","guid":{"rendered":"https:\/\/www.togykids.com\/product\/leopard-print-black-bow-hair-clip-set\/"},"modified":"2026-02-24T07:49:11","modified_gmt":"2026-02-24T07:49:11","slug":"leopar-desenli-ve-siyah-fiyonk-toka-seti","status":"publish","type":"product","link":"https:\/\/www.togykids.com\/tr\/product\/leopar-desenli-ve-siyah-fiyonk-toka-seti\/","title":{"rendered":"LEOPAR DESENL\u0130 VE S\u0130YAH F\u0130YONK TOKA SET\u0130"},"content":{"rendered":"<h3 class=\"\" data-path-to-node=\"2\">&#x1f406; Leopar Desenli &amp; Siyah Fiyonk Toka Seti<\/h3>\n<ul data-path-to-node=\"3\">\n<li>\n<p data-path-to-node=\"3,0,0\"><b class=\"\" data-path-to-node=\"3,0,0\" data-index-in-node=\"0\">Paket \u0130\u00e7eri\u011fi:<\/b><span class=\"\"> 2 adet iddial\u0131 leopar desenli fiyonk ve 2 adet klasik d\u00fcz siyah fiyonktan olu\u015fan 4 par\u00e7al\u0131 \u015f\u0131k bir set.<\/span><\/p>\n<\/li>\n<li>\n<p data-path-to-node=\"3,1,0\"><b class=\"\" data-path-to-node=\"3,1,0\" data-index-in-node=\"0\">Tasar\u0131m:<\/b><span class=\"\"> G\u00f6z al\u0131c\u0131 bir g\u00f6r\u00fcn\u00fcm i\u00e7in trend hayvan desenleri ile zamans\u0131z siyah zarafetinin m\u00fckemmel birle\u015fimi.<\/span><\/p>\n<\/li>\n<li>\n<p data-path-to-node=\"3,2,0\"><b class=\"\" data-path-to-node=\"3,2,0\" data-index-in-node=\"0\">G\u00fcvenli Tutu\u015f:<\/b><span class=\"\"> G\u00fcn boyu konforlu bir \u015fekilde sabit kalan,<\/span><span class=\"\"> y\u00fcksek kaliteli ve kaymaz klipslerle donat\u0131lm\u0131\u015ft\u0131r.<\/span><\/p>\n<\/li>\n<li>\n<p data-path-to-node=\"3,3,0\"><b class=\"\" data-path-to-node=\"3,3,0\" data-index-in-node=\"0\">Birinci S\u0131n\u0131f Kalite:<\/b><span class=\"\"> \u015eeklini ve canl\u0131 renklerini koruyan,<\/span> dayan\u0131kl\u0131 ve y\u00fcksek kaliteli kuma\u015flardan \u00fcretilmi\u015ftir.<\/p>\n<\/li>\n<li>\n<p data-path-to-node=\"3,4,0\"><b data-path-to-node=\"3,4,0\" data-index-in-node=\"0\">\u00c7ok Y\u00f6nl\u00fc Stil:<\/b> Okul, partiler, g\u00fcnl\u00fck kullan\u0131m veya herhangi bir k\u0131yafete \u015f\u0131k bir dokunu\u015f katmak i\u00e7in idealdir.<\/p>\n<\/li>\n<li>\n<p data-path-to-node=\"3,5,0\"><b data-path-to-node=\"3,5,0\" data-index-in-node=\"0\">Hediye \u0130\u00e7in Haz\u0131r:<\/b> \u015e\u0131k bir sunum kart\u0131 \u00fczerinde gelir; do\u011fum g\u00fcnleri veya \u00f6zel g\u00fcnler i\u00e7in m\u00fckemmel bir hediye se\u00e7ene\u011fidir.<\/p>\n<\/li>\n<\/ul>\n","protected":false},"excerpt":{"rendered":"<p>&#x1f406; Leopar Desenli &amp; Siyah Fiyonk Toka Seti Paket \u0130\u00e7eri\u011fi: 2 adet iddial\u0131 leopar desenli fiyonk.<\/p>\n","protected":false},"featured_media":4938,"comment_status":"open","ping_status":"closed","template":"","meta":[],"etheme_brands":[],"product_brand":[],"product_cat":[71,155],"product_tag":[],"class_list":{"0":"post-4940","1":"product","2":"type-product","3":"status-publish","4":"has-post-thumbnail","6":"product_cat-kiz","7":"product_cat-toka","9":"first","10":"instock","11":"taxable","12":"shipping-taxable","13":"purchasable","14":"product-type-simple"},"_links":{"self":[{"href":"https:\/\/www.togykids.com\/tr\/wp-json\/wp\/v2\/product\/4940","targetHints":{"allow":["GET"]}}],"collection":[{"href":"https:\/\/www.togykids.com\/tr\/wp-json\/wp\/v2\/product"}],"about":[{"href":"https:\/\/www.togykids.com\/tr\/wp-json\/wp\/v2\/types\/product"}],"replies":[{"embeddable":true,"href":"https:\/\/www.togykids.com\/tr\/wp-json\/wp\/v2\/comments?post=4940"}],"version-history":[{"count":1,"href":"https:\/\/www.togykids.com\/tr\/wp-json\/wp\/v2\/product\/4940\/revisions"}],"predecessor-version":[{"id":4941,"href":"https:\/\/www.togykids.com\/tr\/wp-json\/wp\/v2\/product\/4940\/revisions\/4941"}],"wp:featuredmedia":[{"embeddable":true,"href":"https:\/\/www.togykids.com\/tr\/wp-json\/wp\/v2\/media\/4938"}],"wp:attachment":[{"href":"https:\/\/www.togykids.com\/tr\/wp-json\/wp\/v2\/media?parent=4940"}],"wp:term":[{"taxonomy":"brand","embeddable":true,"href":"https:\/\/www.togykids.com\/tr\/wp-json\/wp\/v2\/etheme_brands?post=4940"},{"taxonomy":"product_brand","embeddable":true,"href":"https:\/\/www.togykids.com\/tr\/wp-json\/wp\/v2\/product_brand?post=4940"},{"taxonomy":"product_cat","embeddable":true,"href":"https:\/\/www.togykids.com\/tr\/wp-json\/wp\/v2\/product_cat?post=4940"},{"taxonomy":"product_tag","embeddable":true,"href":"https:\/\/www.togykids.com\/tr\/wp-json\/wp\/v2\/product_tag?post=4940"}],"curies":[{"name":"wp","href":"https:\/\/api.w.org\/{rel}","templated":true}]}}