{"id":4932,"date":"2025-12-22T11:35:10","date_gmt":"2025-12-22T11:35:10","guid":{"rendered":"https:\/\/www.togykids.com\/product\/red-lace-ecru-hair-clip-set\/"},"modified":"2026-02-24T08:05:42","modified_gmt":"2026-02-24T08:05:42","slug":"kirmizi-dantel-ve-ekru-toka-seti","status":"publish","type":"product","link":"https:\/\/www.togykids.com\/tr\/product\/kirmizi-dantel-ve-ekru-toka-seti\/","title":{"rendered":"KIRMIZI DANTEL VE EKRU TOKA SET\u0130"},"content":{"rendered":"<h3 class=\"\" data-path-to-node=\"2\">&#x1f380; K\u0131rm\u0131z\u0131 Dantel &amp; Ekru Fiyonk Toka Seti<\/h3>\n<ul data-path-to-node=\"3\">\n<li>\n<p data-path-to-node=\"3,0,0\"><b class=\"\" data-path-to-node=\"3,0,0\" data-index-in-node=\"0\">Paket \u0130\u00e7eri\u011fi:<\/b><span class=\"\"> Tutkulu k\u0131rm\u0131z\u0131 dantel detaylar\u0131 ve yumu\u015fak,<\/span><span class=\"\"> zarif ekru fiyonklardan olu\u015fan sofistike bir set.<\/span><\/p>\n<\/li>\n<li>\n<p data-path-to-node=\"3,1,0\"><b class=\"\" data-path-to-node=\"3,1,0\" data-index-in-node=\"0\">Tasar\u0131m:<\/b><span class=\"\"> Klasik ve vintage esintili bir g\u00f6r\u00fcn\u00fcm i\u00e7in romantik dantel dokular\u0131 ile zamans\u0131z ekru tonlar\u0131n\u0131n m\u00fckemmel uyumu.<\/span><\/p>\n<\/li>\n<li>\n<p data-path-to-node=\"3,2,0\"><b class=\"\" data-path-to-node=\"3,2,0\" data-index-in-node=\"0\">G\u00fcvenli Tutu\u015f:<\/b><span class=\"\"> Sa\u00e7\u0131 g\u00fcn boyu s\u0131k\u0131 ama nazik bir \u015fekilde kavrayan,<\/span><span class=\"\"> y\u00fcksek kaliteli ve kaymaz klipslerle donat\u0131lm\u0131\u015ft\u0131r.<\/span><\/p>\n<\/li>\n<li>\n<p data-path-to-node=\"3,3,0\"><b class=\"\" data-path-to-node=\"3,3,0\" data-index-in-node=\"0\">Birinci S\u0131n\u0131f Kalite:<\/b><span class=\"\"> Zarif formlar\u0131n\u0131 korumak i\u00e7in tasarlanm\u0131\u015f,<\/span><span class=\"\"> narin dantel ve \u00fcst\u00fcn kaliteli kuma\u015flardan \u00fcretilmi\u015ftir.<\/span><\/p>\n<\/li>\n<li>\n<p data-path-to-node=\"3,4,0\"><b data-path-to-node=\"3,4,0\" data-index-in-node=\"0\">\u00c7ok Y\u00f6nl\u00fc Stil:<\/b> \u00d6zel g\u00fcnler, bayram kutlamalar\u0131, foto\u011fraf \u00e7ekimleri veya g\u00fcnl\u00fck k\u0131yafetlere zarafet katmak i\u00e7in idealdir.<\/p>\n<\/li>\n<li>\n<p data-path-to-node=\"3,5,0\"><b data-path-to-node=\"3,5,0\" data-index-in-node=\"0\">Hediye \u0130\u00e7in Haz\u0131r:<\/b> \u015e\u0131k bir sunum kart\u0131 \u00fczerinde g\u00fczelce haz\u0131rlanm\u0131\u015ft\u0131r; do\u011fum g\u00fcnleri veya festival d\u00f6nemleri i\u00e7in harika bir hediye se\u00e7ene\u011fidir.<\/p>\n<\/li>\n<\/ul>\n","protected":false},"excerpt":{"rendered":"<p>&#x1f380; K\u0131rm\u0131z\u0131 Dantel &amp; Ekru Fiyonk Toka Seti Paket \u0130\u00e7eri\u011fi: Tutkulu k\u0131rm\u0131z\u0131 dantel detaylar\u0131 ve yumu\u015fak,.<\/p>\n","protected":false},"featured_media":4930,"comment_status":"open","ping_status":"closed","template":"","meta":[],"etheme_brands":[],"product_brand":[],"product_cat":[71,155],"product_tag":[],"class_list":{"0":"post-4932","1":"product","2":"type-product","3":"status-publish","4":"has-post-thumbnail","6":"product_cat-kiz","7":"product_cat-toka","9":"first","10":"instock","11":"taxable","12":"shipping-taxable","13":"purchasable","14":"product-type-simple"},"_links":{"self":[{"href":"https:\/\/www.togykids.com\/tr\/wp-json\/wp\/v2\/product\/4932","targetHints":{"allow":["GET"]}}],"collection":[{"href":"https:\/\/www.togykids.com\/tr\/wp-json\/wp\/v2\/product"}],"about":[{"href":"https:\/\/www.togykids.com\/tr\/wp-json\/wp\/v2\/types\/product"}],"replies":[{"embeddable":true,"href":"https:\/\/www.togykids.com\/tr\/wp-json\/wp\/v2\/comments?post=4932"}],"version-history":[{"count":2,"href":"https:\/\/www.togykids.com\/tr\/wp-json\/wp\/v2\/product\/4932\/revisions"}],"predecessor-version":[{"id":4934,"href":"https:\/\/www.togykids.com\/tr\/wp-json\/wp\/v2\/product\/4932\/revisions\/4934"}],"wp:featuredmedia":[{"embeddable":true,"href":"https:\/\/www.togykids.com\/tr\/wp-json\/wp\/v2\/media\/4930"}],"wp:attachment":[{"href":"https:\/\/www.togykids.com\/tr\/wp-json\/wp\/v2\/media?parent=4932"}],"wp:term":[{"taxonomy":"brand","embeddable":true,"href":"https:\/\/www.togykids.com\/tr\/wp-json\/wp\/v2\/etheme_brands?post=4932"},{"taxonomy":"product_brand","embeddable":true,"href":"https:\/\/www.togykids.com\/tr\/wp-json\/wp\/v2\/product_brand?post=4932"},{"taxonomy":"product_cat","embeddable":true,"href":"https:\/\/www.togykids.com\/tr\/wp-json\/wp\/v2\/product_cat?post=4932"},{"taxonomy":"product_tag","embeddable":true,"href":"https:\/\/www.togykids.com\/tr\/wp-json\/wp\/v2\/product_tag?post=4932"}],"curies":[{"name":"wp","href":"https:\/\/api.w.org\/{rel}","templated":true}]}}