{"id":4909,"date":"2025-12-22T11:15:34","date_gmt":"2025-12-22T11:15:34","guid":{"rendered":"https:\/\/www.togykids.com\/product\/black-leopard-print-hair-clip-set\/"},"modified":"2026-02-24T08:08:16","modified_gmt":"2026-02-24T08:08:16","slug":"siyah-ve-leopar-desenli-toka-seti","status":"publish","type":"product","link":"https:\/\/www.togykids.com\/tr\/product\/siyah-ve-leopar-desenli-toka-seti\/","title":{"rendered":"S\u0130YAH VE LEOPAR DESENL\u0130 TOKA SET\u0130"},"content":{"rendered":"<ul>\n<li>\n<p data-path-to-node=\"3,0,0\"><b class=\"\" data-path-to-node=\"3,0,0\" data-index-in-node=\"0\">Paket \u0130\u00e7eri\u011fi:<\/b><span class=\"\"> 2 adet klasik d\u00fcz siyah fiyonk ve 2 adet iddial\u0131 leopar desenli fiyonktan olu\u015fan 4 par\u00e7al\u0131 \u015f\u0131k bir set.<\/span><\/p>\n<\/li>\n<li>\n<p data-path-to-node=\"3,1,0\"><b class=\"\" data-path-to-node=\"3,1,0\" data-index-in-node=\"0\">Tasar\u0131m:<\/b><span class=\"\"> Zamans\u0131z siyah zarafeti ile trend hayvan desenlerinin m\u00fckemmel bir kombinasyonu.<\/span><\/p>\n<\/li>\n<li>\n<p data-path-to-node=\"3,2,0\"><b class=\"\" data-path-to-node=\"3,2,0\" data-index-in-node=\"0\">G\u00fcvenli Tutu\u015f:<\/b><span class=\"\"> Sa\u00e7\u0131 g\u00fcn boyu konforlu bir \u015fekilde sabit tutan y\u00fcksek kaliteli,<\/span><span class=\"\"> kaymaz klipslerle donat\u0131lm\u0131\u015ft\u0131r.<\/span><\/p>\n<\/li>\n<li>\n<p data-path-to-node=\"3,3,0\"><b class=\"\" data-path-to-node=\"3,3,0\" data-index-in-node=\"0\">Birinci S\u0131n\u0131f Kalite:<\/b><span class=\"\"> \u015eeklini ve canl\u0131 g\u00f6r\u00fcn\u00fcm\u00fcn\u00fc koruyan,<\/span><span class=\"\"> dayan\u0131kl\u0131 ve y\u00fcksek kaliteli kuma\u015flardan \u00fcretilmi\u015ftir.<\/span><\/p>\n<\/li>\n<li>\n<p data-path-to-node=\"3,4,0\"><b data-path-to-node=\"3,4,0\" data-index-in-node=\"0\">\u00c7ok Y\u00f6nl\u00fc Stil:<\/b> Okul, partiler, g\u00fcnl\u00fck kullan\u0131m veya herhangi bir k\u0131yafete \u015f\u0131k bir dokunu\u015f katmak i\u00e7in idealdir.<\/p>\n<\/li>\n<li>\n<p data-path-to-node=\"3,5,0\"><b data-path-to-node=\"3,5,0\" data-index-in-node=\"0\">Hediye \u0130\u00e7in Haz\u0131r:<\/b> \u015e\u0131k bir sunum kart\u0131 \u00fczerinde gelir; do\u011fum g\u00fcnleri veya \u00f6zel g\u00fcnler i\u00e7in m\u00fckemmel bir hediye se\u00e7ene\u011fidir.<\/p>\n<\/li>\n<\/ul>\n","protected":false},"excerpt":{"rendered":"<p>Paket \u0130\u00e7eri\u011fi: 2 adet klasik d\u00fcz siyah fiyonk ve 2 adet iddial\u0131 leopar desenli fiyonktan olu\u015fan.<\/p>\n","protected":false},"featured_media":4907,"comment_status":"open","ping_status":"closed","template":"","meta":[],"etheme_brands":[],"product_brand":[],"product_cat":[71,155],"product_tag":[],"class_list":{"0":"post-4909","1":"product","2":"type-product","3":"status-publish","4":"has-post-thumbnail","6":"product_cat-kiz","7":"product_cat-toka","9":"first","10":"instock","11":"taxable","12":"shipping-taxable","13":"purchasable","14":"product-type-simple"},"_links":{"self":[{"href":"https:\/\/www.togykids.com\/tr\/wp-json\/wp\/v2\/product\/4909","targetHints":{"allow":["GET"]}}],"collection":[{"href":"https:\/\/www.togykids.com\/tr\/wp-json\/wp\/v2\/product"}],"about":[{"href":"https:\/\/www.togykids.com\/tr\/wp-json\/wp\/v2\/types\/product"}],"replies":[{"embeddable":true,"href":"https:\/\/www.togykids.com\/tr\/wp-json\/wp\/v2\/comments?post=4909"}],"version-history":[{"count":1,"href":"https:\/\/www.togykids.com\/tr\/wp-json\/wp\/v2\/product\/4909\/revisions"}],"predecessor-version":[{"id":4910,"href":"https:\/\/www.togykids.com\/tr\/wp-json\/wp\/v2\/product\/4909\/revisions\/4910"}],"wp:featuredmedia":[{"embeddable":true,"href":"https:\/\/www.togykids.com\/tr\/wp-json\/wp\/v2\/media\/4907"}],"wp:attachment":[{"href":"https:\/\/www.togykids.com\/tr\/wp-json\/wp\/v2\/media?parent=4909"}],"wp:term":[{"taxonomy":"brand","embeddable":true,"href":"https:\/\/www.togykids.com\/tr\/wp-json\/wp\/v2\/etheme_brands?post=4909"},{"taxonomy":"product_brand","embeddable":true,"href":"https:\/\/www.togykids.com\/tr\/wp-json\/wp\/v2\/product_brand?post=4909"},{"taxonomy":"product_cat","embeddable":true,"href":"https:\/\/www.togykids.com\/tr\/wp-json\/wp\/v2\/product_cat?post=4909"},{"taxonomy":"product_tag","embeddable":true,"href":"https:\/\/www.togykids.com\/tr\/wp-json\/wp\/v2\/product_tag?post=4909"}],"curies":[{"name":"wp","href":"https:\/\/api.w.org\/{rel}","templated":true}]}}