{"id":4901,"date":"2025-12-22T11:03:39","date_gmt":"2025-12-22T11:03:39","guid":{"rendered":"https:\/\/www.togykids.com\/product\/powder-pink-rosewood-velvet-bow-hair-clip-set\/"},"modified":"2026-02-24T08:09:25","modified_gmt":"2026-02-24T08:09:25","slug":"kadife-pudra-ve-gul-rengi-fiyonk-toka-seti","status":"publish","type":"product","link":"https:\/\/www.togykids.com\/tr\/product\/kadife-pudra-ve-gul-rengi-fiyonk-toka-seti\/","title":{"rendered":"Kadife Pudra ve G\u00fcl Rengi Fiyonk Toka Seti"},"content":{"rendered":"<h2 class=\"\" data-path-to-node=\"2\">&#x1f380; TOGY 4&#8217;l\u00fc L\u00fcks Kadife Fiyonk Sa\u00e7 Tokas\u0131 Seti &#8211; Pembe &amp; G\u00fcl Kurusu &#x1f380;<\/h2>\n<p data-path-to-node=\"3\"><span class=\"\">Bu ultra yumu\u015fak,<\/span><span class=\"\"> birinci s\u0131n\u0131f kadife fiyonk tokalarla k\u00fc\u00e7\u00fc\u011f\u00fcn\u00fcz\u00fcn stiline zarafet kat\u0131n!<\/span><span class=\"\"> Klasik cazibeyi modern moda ile birle\u015ftirmek i\u00e7in tasarlanan bu fiyonklar,<\/span><span class=\"\"> her sa\u00e7 modeli i\u00e7in sofistike bir g\u00f6r\u00fcn\u00fcm sunar.<\/span><\/p>\n<h3 class=\"\" data-path-to-node=\"4\">&#x2728; \u00dcr\u00fcn \u00d6zellikleri:<\/h3>\n<ul data-path-to-node=\"5\">\n<li>\n<p data-path-to-node=\"5,0,0\"><b class=\"\" data-path-to-node=\"5,0,0\" data-index-in-node=\"0\">Paket \u0130\u00e7eri\u011fi:<\/b><span class=\"\"> Toplam 4 par\u00e7a:<\/span><span class=\"\"> 2 adet a\u00e7\u0131k pudra pembesi ve 2 adet koyu g\u00fcl kurusu (toz g\u00fcl) l\u00fcks kadife fiyonk.<\/span><\/p>\n<\/li>\n<li>\n<p data-path-to-node=\"5,1,0\"><b class=\"\" data-path-to-node=\"5,1,0\" data-index-in-node=\"0\">Birinci S\u0131n\u0131f Materyal:<\/b><span class=\"\"> Zengin,<\/span><span class=\"\"> pel\u00fc\u015f bir g\u00f6r\u00fcn\u00fcm ve hafif bir \u0131\u015f\u0131lt\u0131 sa\u011flayan y\u00fcksek kaliteli,<\/span><span class=\"\"> ultra yumu\u015fak kadife kuma\u015ftan \u00fcretilmi\u015ftir.<\/span><\/p>\n<\/li>\n<li>\n<p data-path-to-node=\"5,2,0\"><b class=\"\" data-path-to-node=\"5,2,0\" data-index-in-node=\"0\">\u015e\u0131k Detaylar:<\/b> Her fiyonk, tasar\u0131ma ekstra bir zarafet katman\u0131 ekleyen kontrast renkli saten orta sarg\u0131ya sahiptir.<\/p>\n<\/li>\n<li>\n<p data-path-to-node=\"5,3,0\"><b data-path-to-node=\"5,3,0\" data-index-in-node=\"0\">Konforlu Tutu\u015f:<\/b> Sa\u00e7\u0131 \u00e7ekmeden veya zarar vermeden g\u00fcn boyu g\u00fcvenli bir \u015fekilde tutan y\u00fcksek kaliteli, kaymaz pens (timsah) klipslerle donat\u0131lm\u0131\u015ft\u0131r.<\/p>\n<\/li>\n<li>\n<p data-path-to-node=\"5,4,0\"><b data-path-to-node=\"5,4,0\" data-index-in-node=\"0\">Her Ya\u015fa Uygun:<\/b> Bebeklerden okul \u00e7a\u011f\u0131ndaki \u00e7ocuklara kadar herkes i\u00e7in m\u00fckemmeldir.<\/p>\n<\/li>\n<\/ul>\n","protected":false},"excerpt":{"rendered":"<p>&#x1f380; TOGY 4&#8217;l\u00fc L\u00fcks Kadife Fiyonk Sa\u00e7 Tokas\u0131 Seti &#8211; Pembe &amp; G\u00fcl Kurusu &#x1f380; Bu.<\/p>\n","protected":false},"featured_media":4899,"comment_status":"open","ping_status":"closed","template":"","meta":[],"etheme_brands":[],"product_brand":[],"product_cat":[71,155],"product_tag":[],"class_list":{"0":"post-4901","1":"product","2":"type-product","3":"status-publish","4":"has-post-thumbnail","6":"product_cat-kiz","7":"product_cat-toka","9":"first","10":"instock","11":"taxable","12":"shipping-taxable","13":"purchasable","14":"product-type-simple"},"_links":{"self":[{"href":"https:\/\/www.togykids.com\/tr\/wp-json\/wp\/v2\/product\/4901","targetHints":{"allow":["GET"]}}],"collection":[{"href":"https:\/\/www.togykids.com\/tr\/wp-json\/wp\/v2\/product"}],"about":[{"href":"https:\/\/www.togykids.com\/tr\/wp-json\/wp\/v2\/types\/product"}],"replies":[{"embeddable":true,"href":"https:\/\/www.togykids.com\/tr\/wp-json\/wp\/v2\/comments?post=4901"}],"version-history":[{"count":2,"href":"https:\/\/www.togykids.com\/tr\/wp-json\/wp\/v2\/product\/4901\/revisions"}],"predecessor-version":[{"id":4903,"href":"https:\/\/www.togykids.com\/tr\/wp-json\/wp\/v2\/product\/4901\/revisions\/4903"}],"wp:featuredmedia":[{"embeddable":true,"href":"https:\/\/www.togykids.com\/tr\/wp-json\/wp\/v2\/media\/4899"}],"wp:attachment":[{"href":"https:\/\/www.togykids.com\/tr\/wp-json\/wp\/v2\/media?parent=4901"}],"wp:term":[{"taxonomy":"brand","embeddable":true,"href":"https:\/\/www.togykids.com\/tr\/wp-json\/wp\/v2\/etheme_brands?post=4901"},{"taxonomy":"product_brand","embeddable":true,"href":"https:\/\/www.togykids.com\/tr\/wp-json\/wp\/v2\/product_brand?post=4901"},{"taxonomy":"product_cat","embeddable":true,"href":"https:\/\/www.togykids.com\/tr\/wp-json\/wp\/v2\/product_cat?post=4901"},{"taxonomy":"product_tag","embeddable":true,"href":"https:\/\/www.togykids.com\/tr\/wp-json\/wp\/v2\/product_tag?post=4901"}],"curies":[{"name":"wp","href":"https:\/\/api.w.org\/{rel}","templated":true}]}}