{"id":4888,"date":"2025-12-22T10:48:55","date_gmt":"2025-12-22T10:48:55","guid":{"rendered":"https:\/\/www.togykids.com\/product\/velvet-pink-cream-hair-clip-set\/"},"modified":"2026-02-24T08:10:52","modified_gmt":"2026-02-24T08:10:52","slug":"kadife-pembe-ve-krem-toka-seti","status":"publish","type":"product","link":"https:\/\/www.togykids.com\/tr\/product\/kadife-pembe-ve-krem-toka-seti\/","title":{"rendered":"KAD\u0130FE PEMBE VE KREM TOKA SET\u0130"},"content":{"rendered":"<ul>\n<li>\n<p data-path-to-node=\"3,0,0\"><b class=\"\" data-path-to-node=\"3,0,0\" data-index-in-node=\"0\">Paket \u0130\u00e7eri\u011fi:<\/b><span class=\"\"> Yumu\u015fak pembe kadife ve klasik krem rengi sa\u00e7 tokalar\u0131n\u0131n harika bir kombinasyonu.<\/span><\/p>\n<\/li>\n<li>\n<p data-path-to-node=\"3,1,0\"><b class=\"\" data-path-to-node=\"3,1,0\" data-index-in-node=\"0\">Materyal:<\/b><span class=\"\"> L\u00fcks ve zarif bir g\u00f6r\u00fcn\u00fcm i\u00e7in birinci s\u0131n\u0131f,<\/span><span class=\"\"> yumu\u015fak dokulu kadife kuma\u015ftan \u00fcretilmi\u015ftir.<\/span><\/p>\n<\/li>\n<li>\n<p data-path-to-node=\"3,2,0\"><b class=\"\" data-path-to-node=\"3,2,0\" data-index-in-node=\"0\">Tasar\u0131m:<\/b><span class=\"\"> Her sa\u00e7 modeline nazik ve sofistike bir dokunu\u015f katan zamans\u0131z fiyonk tasar\u0131m\u0131.<\/span><\/p>\n<\/li>\n<li>\n<p data-path-to-node=\"3,3,0\"><b class=\"\" data-path-to-node=\"3,3,0\" data-index-in-node=\"0\">G\u00fcvenli Tutu\u015f:<\/b><span class=\"\"> G\u00fcn boyu konforlu bir \u015fekilde sabit kalan,<\/span><span class=\"\"> y\u00fcksek kaliteli ve kaymaz klipsli yap\u0131.<\/span><\/p>\n<\/li>\n<li>\n<p data-path-to-node=\"3,4,0\"><b data-path-to-node=\"3,4,0\" data-index-in-node=\"0\">\u00c7ok Y\u00f6nl\u00fc Kullan\u0131m:<\/b> G\u00fcnl\u00fck kullan\u0131m, okul, partiler veya d\u00fc\u011f\u00fcn ve bayram gibi \u00f6zel g\u00fcnler i\u00e7in m\u00fckemmeldir.<\/p>\n<\/li>\n<li>\n<p data-path-to-node=\"3,5,0\"><b data-path-to-node=\"3,5,0\" data-index-in-node=\"0\">Harika Bir Hediye:<\/b> Do\u011fum g\u00fcnleri, baby shower partileri veya miniklere tatl\u0131 bir s\u00fcrpriz yapmak i\u00e7in ideal bir se\u00e7enek.<\/p>\n<\/li>\n<\/ul>\n","protected":false},"excerpt":{"rendered":"<p>Paket \u0130\u00e7eri\u011fi: Yumu\u015fak pembe kadife ve klasik krem rengi sa\u00e7 tokalar\u0131n\u0131n harika bir kombinasyonu. Materyal: L\u00fcks.<\/p>\n","protected":false},"featured_media":4886,"comment_status":"open","ping_status":"closed","template":"","meta":[],"etheme_brands":[],"product_brand":[],"product_cat":[71,155],"product_tag":[],"class_list":{"0":"post-4888","1":"product","2":"type-product","3":"status-publish","4":"has-post-thumbnail","6":"product_cat-kiz","7":"product_cat-toka","9":"first","10":"instock","11":"taxable","12":"shipping-taxable","13":"purchasable","14":"product-type-simple"},"_links":{"self":[{"href":"https:\/\/www.togykids.com\/tr\/wp-json\/wp\/v2\/product\/4888","targetHints":{"allow":["GET"]}}],"collection":[{"href":"https:\/\/www.togykids.com\/tr\/wp-json\/wp\/v2\/product"}],"about":[{"href":"https:\/\/www.togykids.com\/tr\/wp-json\/wp\/v2\/types\/product"}],"replies":[{"embeddable":true,"href":"https:\/\/www.togykids.com\/tr\/wp-json\/wp\/v2\/comments?post=4888"}],"version-history":[{"count":1,"href":"https:\/\/www.togykids.com\/tr\/wp-json\/wp\/v2\/product\/4888\/revisions"}],"predecessor-version":[{"id":4889,"href":"https:\/\/www.togykids.com\/tr\/wp-json\/wp\/v2\/product\/4888\/revisions\/4889"}],"wp:featuredmedia":[{"embeddable":true,"href":"https:\/\/www.togykids.com\/tr\/wp-json\/wp\/v2\/media\/4886"}],"wp:attachment":[{"href":"https:\/\/www.togykids.com\/tr\/wp-json\/wp\/v2\/media?parent=4888"}],"wp:term":[{"taxonomy":"brand","embeddable":true,"href":"https:\/\/www.togykids.com\/tr\/wp-json\/wp\/v2\/etheme_brands?post=4888"},{"taxonomy":"product_brand","embeddable":true,"href":"https:\/\/www.togykids.com\/tr\/wp-json\/wp\/v2\/product_brand?post=4888"},{"taxonomy":"product_cat","embeddable":true,"href":"https:\/\/www.togykids.com\/tr\/wp-json\/wp\/v2\/product_cat?post=4888"},{"taxonomy":"product_tag","embeddable":true,"href":"https:\/\/www.togykids.com\/tr\/wp-json\/wp\/v2\/product_tag?post=4888"}],"curies":[{"name":"wp","href":"https:\/\/api.w.org\/{rel}","templated":true}]}}