{"id":4881,"date":"2025-12-22T10:33:45","date_gmt":"2025-12-22T10:33:45","guid":{"rendered":"https:\/\/www.togykids.com\/product\/straw-textured-leopard-print-hair-clip-set\/"},"modified":"2026-02-24T08:11:35","modified_gmt":"2026-02-24T08:11:35","slug":"hasir-dokulu-leopar-desenli-toka-seti","status":"publish","type":"product","link":"https:\/\/www.togykids.com\/tr\/product\/hasir-dokulu-leopar-desenli-toka-seti\/","title":{"rendered":"Has\u0131r Dokulu &#038; Leopar Desenli Toka Seti"},"content":{"rendered":"<ul>\n<li>\n<p data-path-to-node=\"4,0,0\"><b data-path-to-node=\"4,0,0\" data-index-in-node=\"0\">Paket \u0130\u00e7eri\u011fi:<\/b> Has\u0131r \u00f6rg\u00fc dokulu ve \u015f\u0131k leopar desenli tokalardan olu\u015fan \u00f6zel bir karma set.<\/p>\n<\/li>\n<li>\n<p data-path-to-node=\"4,1,0\"><b data-path-to-node=\"4,1,0\" data-index-in-node=\"0\">Benzersiz Tasar\u0131m:<\/b> \u00c7ok y\u00f6nl\u00fc ve boho-\u015f\u0131k bir g\u00f6r\u00fcn\u00fcm i\u00e7in do\u011fal has\u0131r malzemeler ile y\u00fcksek kaliteli leopar kuma\u015f\u0131n sofistike uyumu.<\/p>\n<\/li>\n<li>\n<p data-path-to-node=\"4,2,0\"><b data-path-to-node=\"4,2,0\" data-index-in-node=\"0\">G\u00fc\u00e7l\u00fc Tutu\u015f:<\/b> Sa\u00e7\u0131 g\u00fcn boyu rahats\u0131z etmeden s\u0131k\u0131ca tutmak i\u00e7in tasarlanm\u0131\u015f dayan\u0131kl\u0131 ve kaymaz klipsler.<\/p>\n<\/li>\n<li>\n<p data-path-to-node=\"4,3,0\"><b data-path-to-node=\"4,3,0\" data-index-in-node=\"0\">\u00c7ok Y\u00f6nl\u00fc Stil:<\/b> Plaj g\u00fcnleri, yaz k\u0131yafetleri, g\u00fcnl\u00fck geziler veya ak\u015fam \u015f\u0131kl\u0131\u011f\u0131n\u0131za vah\u015fi bir dokunu\u015f katmak i\u00e7in m\u00fckemmeldir.<\/p>\n<\/li>\n<li>\n<p data-path-to-node=\"4,4,0\"><b data-path-to-node=\"4,4,0\" data-index-in-node=\"0\">\u0130deal Hediye:<\/b> Arkada\u015flar\u0131n\u0131z ve aileniz i\u00e7in d\u00fc\u015f\u00fcnceli bir hediye veya kendiniz i\u00e7in \u015f\u0131k bir \u00f6d\u00fcl.<\/p>\n<\/li>\n<\/ul>\n","protected":false},"excerpt":{"rendered":"<p>Paket \u0130\u00e7eri\u011fi: Has\u0131r \u00f6rg\u00fc dokulu ve \u015f\u0131k leopar desenli tokalardan olu\u015fan \u00f6zel bir karma set. Benzersiz.<\/p>\n","protected":false},"featured_media":4879,"comment_status":"open","ping_status":"closed","template":"","meta":[],"etheme_brands":[],"product_brand":[],"product_cat":[71,155],"product_tag":[],"class_list":{"0":"post-4881","1":"product","2":"type-product","3":"status-publish","4":"has-post-thumbnail","6":"product_cat-kiz","7":"product_cat-toka","9":"first","10":"instock","11":"taxable","12":"shipping-taxable","13":"purchasable","14":"product-type-simple"},"_links":{"self":[{"href":"https:\/\/www.togykids.com\/tr\/wp-json\/wp\/v2\/product\/4881","targetHints":{"allow":["GET"]}}],"collection":[{"href":"https:\/\/www.togykids.com\/tr\/wp-json\/wp\/v2\/product"}],"about":[{"href":"https:\/\/www.togykids.com\/tr\/wp-json\/wp\/v2\/types\/product"}],"replies":[{"embeddable":true,"href":"https:\/\/www.togykids.com\/tr\/wp-json\/wp\/v2\/comments?post=4881"}],"version-history":[{"count":2,"href":"https:\/\/www.togykids.com\/tr\/wp-json\/wp\/v2\/product\/4881\/revisions"}],"predecessor-version":[{"id":4883,"href":"https:\/\/www.togykids.com\/tr\/wp-json\/wp\/v2\/product\/4881\/revisions\/4883"}],"wp:featuredmedia":[{"embeddable":true,"href":"https:\/\/www.togykids.com\/tr\/wp-json\/wp\/v2\/media\/4879"}],"wp:attachment":[{"href":"https:\/\/www.togykids.com\/tr\/wp-json\/wp\/v2\/media?parent=4881"}],"wp:term":[{"taxonomy":"brand","embeddable":true,"href":"https:\/\/www.togykids.com\/tr\/wp-json\/wp\/v2\/etheme_brands?post=4881"},{"taxonomy":"product_brand","embeddable":true,"href":"https:\/\/www.togykids.com\/tr\/wp-json\/wp\/v2\/product_brand?post=4881"},{"taxonomy":"product_cat","embeddable":true,"href":"https:\/\/www.togykids.com\/tr\/wp-json\/wp\/v2\/product_cat?post=4881"},{"taxonomy":"product_tag","embeddable":true,"href":"https:\/\/www.togykids.com\/tr\/wp-json\/wp\/v2\/product_tag?post=4881"}],"curies":[{"name":"wp","href":"https:\/\/api.w.org\/{rel}","templated":true}]}}