{"id":4845,"date":"2025-12-12T11:03:59","date_gmt":"2025-12-12T11:03:59","guid":{"rendered":"https:\/\/www.togykids.com\/product\/cora-baby-romper\/"},"modified":"2025-12-17T14:02:42","modified_gmt":"2025-12-17T14:02:42","slug":"cora-bebek-romper","status":"publish","type":"product","link":"https:\/\/www.togykids.com\/tr\/product\/cora-bebek-romper\/","title":{"rendered":"CORA BEBEK ROMPER"},"content":{"rendered":"<h2 class=\"\" data-path-to-node=\"2\">&#x1f31f; Tasar\u0131m ve Kuma\u015f \u00d6zellikleri<\/h2>\n<ul data-path-to-node=\"3\">\n<li>\n<p data-path-to-node=\"3,0,0\"><b class=\"\">Stil:<\/b><span class=\"\"> \u00d6zel g\u00fcnler i\u00e7in tasarlanm\u0131\u015f,<\/span><span class=\"\"> sofistike bir g\u00f6r\u00fcn\u00fcm sunan romantik ve zarif bir elbise tulum (body) modelidir.<\/span><\/p>\n<\/li>\n<li>\n<p data-path-to-node=\"3,1,0\"><b class=\"\">Kuma\u015f Detaylar\u0131:<\/b><span class=\"\"> \u00dcst k\u0131s\u0131m yumu\u015fak ve g\u00fczel desenli dantel kuma\u015ftan \u00fcretilmi\u015ftir.<\/span><span class=\"\"> Etek ve yaka k\u0131s\u0131mlar\u0131 kat kat,<\/span><span class=\"\"> hacimli t\u00fcl detaylar\u0131yla s\u00fcslenmi\u015ftir.<\/span><\/p>\n<\/li>\n<li>\n<p data-path-to-node=\"3,2,0\"><b class=\"\">Yaka Tasar\u0131m\u0131:<\/b><span class=\"\"> F\u0131rf\u0131rl\u0131 ve kabar\u0131k t\u00fcl yaka,<\/span><span class=\"\"> masals\u0131 bir dokunu\u015f katarken \u00f6n k\u0131s\u0131mdaki k\u00fc\u00e7\u00fck ba\u011flamal\u0131 fiyonk aksesuar\u0131 ile tamamlanm\u0131\u015ft\u0131r.<\/span><\/p>\n<\/li>\n<li>\n<p data-path-to-node=\"3,3,0\"><b class=\"\">Konfor:<\/b><span class=\"\"> Alt k\u0131s\u0131m \u00e7\u0131t\u00e7\u0131tl\u0131 tulum (body) formundad\u0131r; bu sayede kolayca giydirilip \u00e7\u0131kar\u0131labilir ve bebekler i\u00e7in hareket \u00f6zg\u00fcrl\u00fc\u011f\u00fc sa\u011flar.<\/span><\/p>\n<\/li>\n<\/ul>\n","protected":false},"excerpt":{"rendered":"<ul>\n<li>3-6\/6-9\/9-12\/12-18 AY<\/li>\n<\/ul>\n","protected":false},"featured_media":4638,"comment_status":"open","ping_status":"closed","template":"","meta":[],"etheme_brands":[],"product_brand":[],"product_cat":[71,72],"product_tag":[],"class_list":{"0":"post-4845","1":"product","2":"type-product","3":"status-publish","4":"has-post-thumbnail","6":"product_cat-kiz","7":"product_cat-mevsimlik","9":"first","10":"instock","11":"taxable","12":"shipping-taxable","13":"purchasable","14":"product-type-variable"},"_links":{"self":[{"href":"https:\/\/www.togykids.com\/tr\/wp-json\/wp\/v2\/product\/4845","targetHints":{"allow":["GET"]}}],"collection":[{"href":"https:\/\/www.togykids.com\/tr\/wp-json\/wp\/v2\/product"}],"about":[{"href":"https:\/\/www.togykids.com\/tr\/wp-json\/wp\/v2\/types\/product"}],"replies":[{"embeddable":true,"href":"https:\/\/www.togykids.com\/tr\/wp-json\/wp\/v2\/comments?post=4845"}],"version-history":[{"count":2,"href":"https:\/\/www.togykids.com\/tr\/wp-json\/wp\/v2\/product\/4845\/revisions"}],"predecessor-version":[{"id":4856,"href":"https:\/\/www.togykids.com\/tr\/wp-json\/wp\/v2\/product\/4845\/revisions\/4856"}],"wp:featuredmedia":[{"embeddable":true,"href":"https:\/\/www.togykids.com\/tr\/wp-json\/wp\/v2\/media\/4638"}],"wp:attachment":[{"href":"https:\/\/www.togykids.com\/tr\/wp-json\/wp\/v2\/media?parent=4845"}],"wp:term":[{"taxonomy":"brand","embeddable":true,"href":"https:\/\/www.togykids.com\/tr\/wp-json\/wp\/v2\/etheme_brands?post=4845"},{"taxonomy":"product_brand","embeddable":true,"href":"https:\/\/www.togykids.com\/tr\/wp-json\/wp\/v2\/product_brand?post=4845"},{"taxonomy":"product_cat","embeddable":true,"href":"https:\/\/www.togykids.com\/tr\/wp-json\/wp\/v2\/product_cat?post=4845"},{"taxonomy":"product_tag","embeddable":true,"href":"https:\/\/www.togykids.com\/tr\/wp-json\/wp\/v2\/product_tag?post=4845"}],"curies":[{"name":"wp","href":"https:\/\/api.w.org\/{rel}","templated":true}]}}