{"id":4823,"date":"2025-12-11T14:33:24","date_gmt":"2025-12-11T14:33:24","guid":{"rendered":"https:\/\/www.togykids.com\/product\/mery-baby-romper\/"},"modified":"2025-12-17T13:27:10","modified_gmt":"2025-12-17T13:27:10","slug":"mery-bebek-romper","status":"publish","type":"product","link":"https:\/\/www.togykids.com\/tr\/product\/mery-bebek-romper\/","title":{"rendered":"MERY BEBEK ROMPER"},"content":{"rendered":"<hr data-path-to-node=\"1\" \/>\n<ul data-path-to-node=\"5\">\n<li>\n<h2 data-path-to-node=\"2\">&#x1fa70; Masals\u0131 Bir D\u00fc\u015f: \u00d6rme F\u0131rf\u0131rl\u0131 T\u00fcl Bebek Elbise Tulum! &#x1f31f;<\/h2>\n<p data-path-to-node=\"3\">K\u00fc\u00e7\u00fck bir prensesi bir balerine d\u00f6n\u00fc\u015ft\u00fcr\u00fcn! Bu b\u00fcy\u00fcleyici tulum; konforlu \u00f6rme kuma\u015f\u0131 zarif bir t\u00fcl etekle birle\u015ftirerek partiler, kutlamalar veya \u015f\u0131k g\u00fcnl\u00fck kullan\u0131m i\u00e7in m\u00fckemmel, sofistike ve tamamen \u00e7ekici bir k\u0131yafet olu\u015fturur.<\/p>\n<h3 data-path-to-node=\"4\">&#x1f496; \u00dcr\u00fcn \u00d6zellikleri ve Detaylar\u0131<\/h3>\n<ul data-path-to-node=\"5\">\n<li>\n<p data-path-to-node=\"5,0,0\"><b>Konforlu \u00d6rme \u00dcst:<\/b> G\u00f6vde ve uzun kollar; s\u0131cakl\u0131k ve rahatl\u0131k sa\u011flayan, ho\u015f bir krem\/bej tonunda yumu\u015fak, fitilli veya dokulu \u00f6rme kuma\u015ftan yap\u0131lm\u0131\u015ft\u0131r.<\/p>\n<\/li>\n<li>\n<p data-path-to-node=\"5,1,0\"><b>Romantik F\u0131rf\u0131rlar:<\/b> Yaka k\u0131sm\u0131, \u00f6rme malzemeden yap\u0131lm\u0131\u015f geni\u015f ve hacimli bir f\u0131rf\u0131rla s\u00fcslenerek tatl\u0131 bir \u00e7er\u00e7eve detay\u0131 ekler.<\/p>\n<\/li>\n<li>\n<p data-path-to-node=\"5,2,0\"><b>T\u00fcl Etek Detay\u0131:<\/b> En dikkat \u00e7ekici \u00f6zellik, tuluma bir elbise g\u00f6r\u00fcn\u00fcm\u00fc veren, tamamlay\u0131c\u0131 ten\/\u015fampanya tonlar\u0131ndaki hafif ve havadar t\u00fcl etek katman\u0131d\u0131r.<\/p>\n<\/li>\n<li>\n<p data-path-to-node=\"5,3,0\"><b>Pratik Tulum Taban\u0131:<\/b> T\u00fcl\u00fcn alt\u0131ndaki taban katman\u0131, k\u0131yafetin d\u00fczenli durmas\u0131n\u0131 sa\u011flayan ve kolay bez de\u011fi\u015fimi imkan\u0131 sunan (genellikle altta \u00e7\u0131t\u00e7\u0131tl\u0131) konforlu bir tulum\/body formundad\u0131r.<\/p>\n<\/li>\n<li>\n<p data-path-to-node=\"5,4,0\"><b>Zarif Dokunu\u015flar:<\/b> F\u0131rf\u0131rl\u0131 roba k\u0131sm\u0131n\u0131n alt\u0131nda yer alan iki adet dekoratif ah\u015fap d\u00fc\u011fme, vintage ve el yap\u0131m\u0131 bir dokunu\u015f katar.<\/p>\n<\/li>\n<\/ul>\n<\/li>\n<\/ul>\n","protected":false},"excerpt":{"rendered":"<ul>\n<li>3-6\/6-9\/9-12\/12-18 AY<\/li>\n<\/ul>\n","protected":false},"featured_media":4602,"comment_status":"open","ping_status":"closed","template":"","meta":[],"etheme_brands":[],"product_brand":[],"product_cat":[71,72],"product_tag":[],"class_list":{"0":"post-4823","1":"product","2":"type-product","3":"status-publish","4":"has-post-thumbnail","6":"product_cat-kiz","7":"product_cat-mevsimlik","9":"first","10":"instock","11":"taxable","12":"shipping-taxable","13":"purchasable","14":"product-type-simple"},"_links":{"self":[{"href":"https:\/\/www.togykids.com\/tr\/wp-json\/wp\/v2\/product\/4823","targetHints":{"allow":["GET"]}}],"collection":[{"href":"https:\/\/www.togykids.com\/tr\/wp-json\/wp\/v2\/product"}],"about":[{"href":"https:\/\/www.togykids.com\/tr\/wp-json\/wp\/v2\/types\/product"}],"replies":[{"embeddable":true,"href":"https:\/\/www.togykids.com\/tr\/wp-json\/wp\/v2\/comments?post=4823"}],"version-history":[{"count":2,"href":"https:\/\/www.togykids.com\/tr\/wp-json\/wp\/v2\/product\/4823\/revisions"}],"predecessor-version":[{"id":4825,"href":"https:\/\/www.togykids.com\/tr\/wp-json\/wp\/v2\/product\/4823\/revisions\/4825"}],"wp:featuredmedia":[{"embeddable":true,"href":"https:\/\/www.togykids.com\/tr\/wp-json\/wp\/v2\/media\/4602"}],"wp:attachment":[{"href":"https:\/\/www.togykids.com\/tr\/wp-json\/wp\/v2\/media?parent=4823"}],"wp:term":[{"taxonomy":"brand","embeddable":true,"href":"https:\/\/www.togykids.com\/tr\/wp-json\/wp\/v2\/etheme_brands?post=4823"},{"taxonomy":"product_brand","embeddable":true,"href":"https:\/\/www.togykids.com\/tr\/wp-json\/wp\/v2\/product_brand?post=4823"},{"taxonomy":"product_cat","embeddable":true,"href":"https:\/\/www.togykids.com\/tr\/wp-json\/wp\/v2\/product_cat?post=4823"},{"taxonomy":"product_tag","embeddable":true,"href":"https:\/\/www.togykids.com\/tr\/wp-json\/wp\/v2\/product_tag?post=4823"}],"curies":[{"name":"wp","href":"https:\/\/api.w.org\/{rel}","templated":true}]}}