{"id":4747,"date":"2025-12-11T13:20:38","date_gmt":"2025-12-11T13:20:38","guid":{"rendered":"https:\/\/www.togykids.com\/product\/lola-girls-dress\/"},"modified":"2025-12-13T09:30:14","modified_gmt":"2025-12-13T09:30:14","slug":"lola-kiz-elbise","status":"publish","type":"product","link":"https:\/\/www.togykids.com\/tr\/product\/lola-kiz-elbise\/","title":{"rendered":"LOLA KIZ ELB\u0130SE"},"content":{"rendered":"<h3 data-path-to-node=\"3\">&#x1f31f; \u00dcr\u00fcn \u00d6zellikleri ve Detaylar\u0131<\/h3>\n<ul data-path-to-node=\"4\">\n<li>\n<p data-path-to-node=\"4,0,0\"><b>E\u015fsiz Kuma\u015f:<\/b> \u00dcr\u00fcn\u00fcn tamam\u0131 narin, <b>yaprak desenli dantel (veya g\u00fcp\u00fcr)<\/b> kuma\u015fla kapl\u0131 olup, sofistike ve l\u00fcks bir g\u00f6r\u00fcn\u00fcm sunar.<\/p>\n<\/li>\n<li>\n<p data-path-to-node=\"4,1,0\"><b>G\u00f6z Kama\u015ft\u0131ran Detay:<\/b> \u00d6n merkezde yer alan, b\u00fcy\u00fck, <b>rose gold veya \u015fampanya rengi payetli fiyonk<\/b>, par\u00e7aya \u0131\u015f\u0131lt\u0131 ve zarafet katar.<\/p>\n<\/li>\n<li>\n<p data-path-to-node=\"4,2,0\"><b>Katmanl\u0131 Tasar\u0131m:<\/b> Alt etek k\u0131sm\u0131, hacimli ve sevimli bir g\u00f6r\u00fcn\u00fcm veren <b>iki katl\u0131 f\u0131rf\u0131r<\/b> detay\u0131na sahiptir.<\/p>\n<\/li>\n<li>\n<p data-path-to-node=\"4,3,0\"><b>Romantik Yaka:<\/b> Omuzlardan ba\u015flay\u0131p \u00f6ne do\u011fru inen geni\u015f, <b>f\u0131rf\u0131rl\u0131 volanlar<\/b> romantik bir sil\u00fcet olu\u015fturur.<\/p>\n<\/li>\n<li>\n<p data-path-to-node=\"4,4,0\"><b>Kabar\u0131k Kollar:<\/b> Hafif balon\/puf kol efektli, <b>uzun kollu<\/b> yap\u0131s\u0131, canl\u0131 ve \u00e7ekici bir g\u00f6r\u00fcn\u00fcm sa\u011flar.<\/p>\n<\/li>\n<li>\n<p data-path-to-node=\"4,5,0\"><b>Renk \u015e\u0131kl\u0131\u011f\u0131:<\/b> Klasik ve zarif <b>krem\/ekru<\/b> rengi, her t\u00fcrl\u00fc alt giyim ile kolayca e\u015fle\u015ftirilebilir.<\/p>\n<\/li>\n<\/ul>\n","protected":false},"excerpt":{"rendered":"<ul>\n<li>3-6\/6-9\/9-12\/12-18 AY<\/li>\n<\/ul>\n","protected":false},"featured_media":4501,"comment_status":"open","ping_status":"closed","template":"","meta":[],"etheme_brands":[],"product_brand":[],"product_cat":[71,72],"product_tag":[],"class_list":{"0":"post-4747","1":"product","2":"type-product","3":"status-publish","4":"has-post-thumbnail","6":"product_cat-kiz","7":"product_cat-mevsimlik","9":"first","10":"instock","11":"taxable","12":"shipping-taxable","13":"purchasable","14":"product-type-variable"},"_links":{"self":[{"href":"https:\/\/www.togykids.com\/tr\/wp-json\/wp\/v2\/product\/4747","targetHints":{"allow":["GET"]}}],"collection":[{"href":"https:\/\/www.togykids.com\/tr\/wp-json\/wp\/v2\/product"}],"about":[{"href":"https:\/\/www.togykids.com\/tr\/wp-json\/wp\/v2\/types\/product"}],"replies":[{"embeddable":true,"href":"https:\/\/www.togykids.com\/tr\/wp-json\/wp\/v2\/comments?post=4747"}],"version-history":[{"count":2,"href":"https:\/\/www.togykids.com\/tr\/wp-json\/wp\/v2\/product\/4747\/revisions"}],"predecessor-version":[{"id":4758,"href":"https:\/\/www.togykids.com\/tr\/wp-json\/wp\/v2\/product\/4747\/revisions\/4758"}],"wp:featuredmedia":[{"embeddable":true,"href":"https:\/\/www.togykids.com\/tr\/wp-json\/wp\/v2\/media\/4501"}],"wp:attachment":[{"href":"https:\/\/www.togykids.com\/tr\/wp-json\/wp\/v2\/media?parent=4747"}],"wp:term":[{"taxonomy":"brand","embeddable":true,"href":"https:\/\/www.togykids.com\/tr\/wp-json\/wp\/v2\/etheme_brands?post=4747"},{"taxonomy":"product_brand","embeddable":true,"href":"https:\/\/www.togykids.com\/tr\/wp-json\/wp\/v2\/product_brand?post=4747"},{"taxonomy":"product_cat","embeddable":true,"href":"https:\/\/www.togykids.com\/tr\/wp-json\/wp\/v2\/product_cat?post=4747"},{"taxonomy":"product_tag","embeddable":true,"href":"https:\/\/www.togykids.com\/tr\/wp-json\/wp\/v2\/product_tag?post=4747"}],"curies":[{"name":"wp","href":"https:\/\/api.w.org\/{rel}","templated":true}]}}