{"id":4706,"date":"2025-12-10T13:46:44","date_gmt":"2025-12-10T13:46:44","guid":{"rendered":"https:\/\/www.togykids.com\/product\/lana-baby-romper\/"},"modified":"2026-02-10T15:57:36","modified_gmt":"2026-02-10T15:57:36","slug":"lana-bebek-romper","status":"publish","type":"product","link":"https:\/\/www.togykids.com\/tr\/product\/lana-bebek-romper\/","title":{"rendered":"LANA BEBEK ROMPER"},"content":{"rendered":"<h2 data-path-to-node=\"2\">&#x1f338; K\u0131z Bebek \u00c7i\u00e7ekli Tulum \u2013 \u015e\u0131kl\u0131k ve Konfor Bir Arada!<\/h2>\n<p data-path-to-node=\"3\">Bu sevimli bebek tulumu, zarafet ve konforu g\u00fczelce i\u015flenmi\u015f bir tasar\u0131mda birle\u015ftiriyor. Yumu\u015fak ve hassas kuma\u015ftan yap\u0131lm\u0131\u015f olup, bebe\u011finizin narin cildine p\u00fcr\u00fczs\u00fcz ve nazik bir dokunu\u015f sa\u011flar. Hafif \u00e7i\u00e7ek desenleri b\u00fcy\u00fcleyici ve klasik bir hava katarken, dantel kenarl\u0131 ve fiyonk detayl\u0131, b\u00fcy\u00fck, pastel pembe yaka tatl\u0131, vintage esintili bir g\u00f6r\u00fcn\u00fcm olu\u015fturur.<\/p>\n<p data-path-to-node=\"4\">Uzun kollar\u0131, ge\u00e7i\u015f mevsimleri veya i\u00e7 mekan kullan\u0131m\u0131 i\u00e7in uygun olup, ideal bir s\u0131cakl\u0131k d\u00fczeyi sunar. Esnek yap\u0131s\u0131, bebe\u011finizin g\u00fcn boyu rahat\u00e7a hareket etmesine olanak tan\u0131r. Alt k\u0131s\u0131mdaki \u00e7\u0131t\u00e7\u0131tlar, bez de\u011fi\u015ftirme s\u0131ras\u0131nda kolayl\u0131k ve pratiklik sa\u011flar. Uyumlu sa\u00e7 fiyongu aksesuar\u0131 ise kombini tamamlayarak minik yavrunuza uyumlu ve \u015f\u0131k bir g\u00f6r\u00fcn\u00fcm verir.<\/p>\n<p data-path-to-node=\"5\">G\u00fcnl\u00fck kullan\u0131m, \u00f6zel g\u00fcnler, foto\u011fraf \u00e7ekimleri, do\u011fum g\u00fcn\u00fc kutlamalar\u0131 veya d\u00fc\u015f\u00fcnceli bir hediye olarak m\u00fckemmeldir. Bebe\u011finiz bu g\u00fczel tasarlanm\u0131\u015f tulum i\u00e7inde hem konforun hem de sevimli bir stilin tad\u0131n\u0131 \u00e7\u0131karacak!<\/p>\n","protected":false},"excerpt":{"rendered":"<ul>\n<li>3-6\/6-9\/9-12\/12-18\/ AY<\/li>\n<\/ul>\n","protected":false},"featured_media":4431,"comment_status":"open","ping_status":"closed","template":"","meta":[],"etheme_brands":[],"product_brand":[],"product_cat":[71,72],"product_tag":[],"class_list":{"0":"post-4706","1":"product","2":"type-product","3":"status-publish","4":"has-post-thumbnail","6":"product_cat-kiz","7":"product_cat-mevsimlik","9":"first","10":"instock","11":"taxable","12":"shipping-taxable","13":"purchasable","14":"product-type-variable"},"_links":{"self":[{"href":"https:\/\/www.togykids.com\/tr\/wp-json\/wp\/v2\/product\/4706","targetHints":{"allow":["GET"]}}],"collection":[{"href":"https:\/\/www.togykids.com\/tr\/wp-json\/wp\/v2\/product"}],"about":[{"href":"https:\/\/www.togykids.com\/tr\/wp-json\/wp\/v2\/types\/product"}],"replies":[{"embeddable":true,"href":"https:\/\/www.togykids.com\/tr\/wp-json\/wp\/v2\/comments?post=4706"}],"version-history":[{"count":2,"href":"https:\/\/www.togykids.com\/tr\/wp-json\/wp\/v2\/product\/4706\/revisions"}],"predecessor-version":[{"id":4717,"href":"https:\/\/www.togykids.com\/tr\/wp-json\/wp\/v2\/product\/4706\/revisions\/4717"}],"wp:featuredmedia":[{"embeddable":true,"href":"https:\/\/www.togykids.com\/tr\/wp-json\/wp\/v2\/media\/4431"}],"wp:attachment":[{"href":"https:\/\/www.togykids.com\/tr\/wp-json\/wp\/v2\/media?parent=4706"}],"wp:term":[{"taxonomy":"brand","embeddable":true,"href":"https:\/\/www.togykids.com\/tr\/wp-json\/wp\/v2\/etheme_brands?post=4706"},{"taxonomy":"product_brand","embeddable":true,"href":"https:\/\/www.togykids.com\/tr\/wp-json\/wp\/v2\/product_brand?post=4706"},{"taxonomy":"product_cat","embeddable":true,"href":"https:\/\/www.togykids.com\/tr\/wp-json\/wp\/v2\/product_cat?post=4706"},{"taxonomy":"product_tag","embeddable":true,"href":"https:\/\/www.togykids.com\/tr\/wp-json\/wp\/v2\/product_tag?post=4706"}],"curies":[{"name":"wp","href":"https:\/\/api.w.org\/{rel}","templated":true}]}}