{"id":4693,"date":"2025-12-08T14:46:15","date_gmt":"2025-12-08T14:46:15","guid":{"rendered":"https:\/\/www.togykids.com\/product\/louise-baby-dress\/"},"modified":"2026-02-10T15:57:36","modified_gmt":"2026-02-10T15:57:36","slug":"louise-bebek-elbise","status":"publish","type":"product","link":"https:\/\/www.togykids.com\/tr\/product\/louise-bebek-elbise\/","title":{"rendered":"LOUISE BEBEK ELB\u0130SE"},"content":{"rendered":"<h2 data-path-to-node=\"2\">&#x1f457;&#x2728; K\u0131z Bebek F\u0131rf\u0131rl\u0131 \u00c7i\u00e7ekli Elbise \u2013 \u015eirin ve Zarif Tasar\u0131m!<\/h2>\n<p data-path-to-node=\"3\">Bu sevimli bebek elbisesi, yumu\u015fak pastel tonlar\u0131 ve narin \u00e7i\u00e7ek desenleriyle minik yavrunuz i\u00e7in ho\u015f ve zarif bir g\u00f6r\u00fcn\u00fcm yarat\u0131r. Nefes alabilen, hassas kuma\u015f\u0131 g\u00fcn boyu rahatl\u0131k sa\u011flad\u0131\u011f\u0131 i\u00e7in hem \u00f6zel g\u00fcnler hem de g\u00fcnl\u00fck kullan\u0131m i\u00e7in m\u00fckemmeldir.<\/p>\n<p data-path-to-node=\"4\">Tasar\u0131m\u0131n \u00f6ne \u00e7\u0131kan detay\u0131, dantel \u015feritli fiyonkla s\u00fcslenmi\u015f pembe, geni\u015f yakad\u0131r ve bu da elbiseye b\u00fcy\u00fcleyici bir nostaljik hava katar. Zarif \u00e7i\u00e7ek deseni ve f\u0131rf\u0131rl\u0131, lastikli kol man\u015fetleri tatl\u0131 ve klasik stili tamamlar.<\/p>\n<h3 data-path-to-node=\"5\">&#x1f31f; Temel \u00d6zellikler<\/h3>\n<ul data-path-to-node=\"6\">\n<li>\n<p data-path-to-node=\"6,0,0\"><b>&#x1f457;<\/b> Yumu\u015fak pastel tonlarda \u00e7i\u00e7ek desenli kuma\u015f<\/p>\n<\/li>\n<li>\n<p data-path-to-node=\"6,1,0\"><b>&#x1f380;<\/b> Dantel detayl\u0131 fiyonklu, geni\u015f pembe yaka<\/p>\n<\/li>\n<li>\n<p data-path-to-node=\"6,2,0\"><b>&#x1f338;<\/b> Konfor i\u00e7in f\u0131rf\u0131rl\u0131 lastikli kol man\u015fetleri<\/p>\n<\/li>\n<li>\n<p data-path-to-node=\"6,3,0\"><b>&#x1f90d;<\/b> Cilt dostu, nefes alabilen malzeme<\/p>\n<\/li>\n<li>\n<p data-path-to-node=\"6,4,0\"><b>&#x1f476;<\/b> Kolay hareket i\u00e7in rahat kal\u0131p<\/p>\n<\/li>\n<li>\n<p data-path-to-node=\"6,5,0\"><b>&#x2728;<\/b> G\u00fcnl\u00fck giyim ve \u00f6zel etkinlikler i\u00e7in uygundur<\/p>\n<\/li>\n<\/ul>\n","protected":false},"excerpt":{"rendered":"<ul>\n<li>3-6\/6-9\/9-12\/12-18 AY<\/li>\n<\/ul>\n","protected":false},"featured_media":4421,"comment_status":"open","ping_status":"closed","template":"","meta":[],"etheme_brands":[],"product_brand":[],"product_cat":[71,72],"product_tag":[],"class_list":{"0":"post-4693","1":"product","2":"type-product","3":"status-publish","4":"has-post-thumbnail","6":"product_cat-kiz","7":"product_cat-mevsimlik","9":"first","10":"instock","11":"taxable","12":"shipping-taxable","13":"purchasable","14":"product-type-variable"},"_links":{"self":[{"href":"https:\/\/www.togykids.com\/tr\/wp-json\/wp\/v2\/product\/4693","targetHints":{"allow":["GET"]}}],"collection":[{"href":"https:\/\/www.togykids.com\/tr\/wp-json\/wp\/v2\/product"}],"about":[{"href":"https:\/\/www.togykids.com\/tr\/wp-json\/wp\/v2\/types\/product"}],"replies":[{"embeddable":true,"href":"https:\/\/www.togykids.com\/tr\/wp-json\/wp\/v2\/comments?post=4693"}],"version-history":[{"count":2,"href":"https:\/\/www.togykids.com\/tr\/wp-json\/wp\/v2\/product\/4693\/revisions"}],"predecessor-version":[{"id":4704,"href":"https:\/\/www.togykids.com\/tr\/wp-json\/wp\/v2\/product\/4693\/revisions\/4704"}],"wp:featuredmedia":[{"embeddable":true,"href":"https:\/\/www.togykids.com\/tr\/wp-json\/wp\/v2\/media\/4421"}],"wp:attachment":[{"href":"https:\/\/www.togykids.com\/tr\/wp-json\/wp\/v2\/media?parent=4693"}],"wp:term":[{"taxonomy":"brand","embeddable":true,"href":"https:\/\/www.togykids.com\/tr\/wp-json\/wp\/v2\/etheme_brands?post=4693"},{"taxonomy":"product_brand","embeddable":true,"href":"https:\/\/www.togykids.com\/tr\/wp-json\/wp\/v2\/product_brand?post=4693"},{"taxonomy":"product_cat","embeddable":true,"href":"https:\/\/www.togykids.com\/tr\/wp-json\/wp\/v2\/product_cat?post=4693"},{"taxonomy":"product_tag","embeddable":true,"href":"https:\/\/www.togykids.com\/tr\/wp-json\/wp\/v2\/product_tag?post=4693"}],"curies":[{"name":"wp","href":"https:\/\/api.w.org\/{rel}","templated":true}]}}