{"id":1875,"date":"2023-01-18T14:27:46","date_gmt":"2023-01-18T14:27:46","guid":{"rendered":"https:\/\/www.togykids.com\/about-us\/"},"modified":"2025-10-23T14:30:42","modified_gmt":"2025-10-23T14:30:42","slug":"about-us","status":"publish","type":"page","link":"https:\/\/www.togykids.com\/tr\/about-us\/","title":{"rendered":"Hakk\u0131m\u0131zda"},"content":{"rendered":"\t\t<div data-elementor-type=\"wp-page\" data-elementor-id=\"1875\" class=\"elementor elementor-1875\">\n\t\t\t\t\t\t<section class=\"elementor-section elementor-top-section elementor-element elementor-element-f9ad3ad elementor-section-stretched elementor-section-boxed elementor-section-height-default elementor-section-height-default\" data-id=\"f9ad3ad\" data-element_type=\"section\" data-settings=\"{&quot;stretch_section&quot;:&quot;section-stretched&quot;}\">\n\t\t\t\t\t\t<div class=\"elementor-container elementor-column-gap-custom\">\n\t\t\t\t\t<div class=\"elementor-column elementor-col-50 elementor-top-column elementor-element elementor-element-29f3357\" data-id=\"29f3357\" data-element_type=\"column\">\n\t\t\t<div class=\"elementor-widget-wrap elementor-element-populated\">\n\t\t\t\t\t\t<div class=\"elementor-element elementor-element-3be1823 elementor-invisible elementor-widget elementor-widget-image\" data-id=\"3be1823\" data-element_type=\"widget\" data-settings=\"{&quot;_animation&quot;:&quot;fadeIn&quot;}\" data-widget_type=\"image.default\">\n\t\t\t\t<div class=\"elementor-widget-container\">\n\t\t\t\t\t\t\t\t\t\t\t\t\t\t\t<img fetchpriority=\"high\" decoding=\"async\" width=\"600\" height=\"480\" src=\"https:\/\/www.togykids.com\/wp-content\/uploads\/xstore\/xstore-placeholder.png\" class=\"attachment-full size-full wp-image-147 lazyload lazyload-simple et-lazyload-fadeIn\" alt=\"\" data-src=\"https:\/\/www.togykids.com\/wp-content\/uploads\/2023\/01\/Image-min-1.jpg\" \/>\t\t\t\t\t\t\t\t\t\t\t\t\t\t\t<\/div>\n\t\t\t\t<\/div>\n\t\t\t\t<section class=\"elementor-section elementor-inner-section elementor-element elementor-element-55307fd elementor-section-boxed elementor-section-height-default elementor-section-height-default\" data-id=\"55307fd\" data-element_type=\"section\">\n\t\t\t\t\t\t<div class=\"elementor-container elementor-column-gap-custom\">\n\t\t\t\t\t<div class=\"elementor-column elementor-col-100 elementor-inner-column elementor-element elementor-element-1b895be\" data-id=\"1b895be\" data-element_type=\"column\">\n\t\t\t<div class=\"elementor-widget-wrap\">\n\t\t\t\t\t\t\t<\/div>\n\t\t<\/div>\n\t\t\t\t\t<\/div>\n\t\t<\/section>\n\t\t\t\t\t<\/div>\n\t\t<\/div>\n\t\t\t\t<div class=\"elementor-column elementor-col-50 elementor-top-column elementor-element elementor-element-5e12222\" data-id=\"5e12222\" data-element_type=\"column\">\n\t\t\t<div class=\"elementor-widget-wrap elementor-element-populated\">\n\t\t\t\t\t\t<div class=\"elementor-element elementor-element-ab12ba3 elementor-invisible elementor-widget elementor-widget-heading\" data-id=\"ab12ba3\" data-element_type=\"widget\" data-settings=\"{&quot;_animation&quot;:&quot;fadeIn&quot;}\" data-widget_type=\"heading.default\">\n\t\t\t\t<div class=\"elementor-widget-container\">\n\t\t\t\t\t<h2 class=\"elementor-heading-title elementor-size-default\">Biz Kimiz<\/h2>\t\t\t\t<\/div>\n\t\t\t\t<\/div>\n\t\t\t\t<div class=\"elementor-element elementor-element-78f9fad elementor-invisible elementor-widget elementor-widget-heading\" data-id=\"78f9fad\" data-element_type=\"widget\" data-settings=\"{&quot;_animation&quot;:&quot;fadeIn&quot;}\" data-widget_type=\"heading.default\">\n\t\t\t\t<div class=\"elementor-widget-container\">\n\t\t\t\t\t<h2 class=\"elementor-heading-title elementor-size-default\">Toggy Kids<\/h2>\t\t\t\t<\/div>\n\t\t\t\t<\/div>\n\t\t\t\t<div class=\"elementor-element elementor-element-897ecac elementor-invisible elementor-widget elementor-widget-text-editor\" data-id=\"897ecac\" data-element_type=\"widget\" data-settings=\"{&quot;_animation&quot;:&quot;fadeIn&quot;}\" data-widget_type=\"text-editor.default\">\n\t\t\t\t<div class=\"elementor-widget-container\">\n\t\t\t\t\t\t\t\t\t<p>Toggy Kids olarak, bebeklerinizin narin cildine en uygun, sa\u011fl\u0131kl\u0131 ve \u015f\u0131k giyim \u00fcr\u00fcnlerini \u00fcretme misyonuyla yola \u00e7\u0131kt\u0131k. Bursa&#8217;da, kalitenin ve tekstil uzmanl\u0131\u011f\u0131n\u0131n merkezinde faaliyet g\u00f6stererek, her bir par\u00e7ay\u0131 b\u00fcy\u00fck bir titizlik ve sevgiyle haz\u0131rl\u0131yoruz.<\/p><p>\u00dcretimimizde, bebek sa\u011fl\u0131\u011f\u0131na uygun, y\u00fcksek kaliteli kuma\u015flar ve g\u00fcvenilir malzemeler kullanmaya \u00f6zen g\u00f6steriyoruz. Tarz sahibi ve konforlu tasar\u0131mlar\u0131m\u0131zla bebeklerin g\u00fcn boyu rahat etmesini hedeflerken, ebeveynlerin de beklentilerini a\u015fan bir kalite sunmay\u0131 ama\u00e7l\u0131yoruz.<\/p><p>Bursa&#8217;daki k\u00f6klerimizden ald\u0131\u011f\u0131m\u0131z g\u00fc\u00e7le, yaln\u0131zca T\u00fcrkiye&#8217;de de\u011fil, d\u00fcnyan\u0131n d\u00f6rt bir yan\u0131ndaki ebeveynlere ula\u015fmaktan gurur duyuyoruz. \u00dcr\u00fcnlerimiz, uluslararas\u0131 standartlarda kalite ve g\u00fcvenilirlikle yurt d\u0131\u015f\u0131na ihra\u00e7 edilmekte, b\u00f6ylece Toggy Kids ad\u0131n\u0131 k\u00fcresel bebek giyim sekt\u00f6r\u00fcnde sa\u011flamla\u015ft\u0131rmaktad\u0131r.<\/p><p>Toggy Kids ile bebekleriniz i\u00e7in sadece k\u0131yafet de\u011fil, onlara de\u011fer veren, sa\u011fl\u0131klar\u0131n\u0131 ve konforlar\u0131n\u0131 d\u00fc\u015f\u00fcnen bir markan\u0131n s\u0131cakl\u0131\u011f\u0131n\u0131 sunuyoruz.<\/p>\t\t\t\t\t\t\t\t<\/div>\n\t\t\t\t<\/div>\n\t\t\t\t\t<\/div>\n\t\t<\/div>\n\t\t\t\t\t<\/div>\n\t\t<\/section>\n\t\t\t\t<\/div>\n\t\t","protected":false},"excerpt":{"rendered":"<p>Biz Kimiz Toggy Kids Toggy Kids olarak, bebeklerinizin narin cildine en uygun, sa\u011fl\u0131kl\u0131 ve \u015f\u0131k giyim.<\/p>\n","protected":false},"author":1,"featured_media":0,"parent":0,"menu_order":0,"comment_status":"closed","ping_status":"closed","template":"","meta":{"footnotes":""},"class_list":["post-1875","page","type-page","status-publish","hentry"],"_links":{"self":[{"href":"https:\/\/www.togykids.com\/tr\/wp-json\/wp\/v2\/pages\/1875","targetHints":{"allow":["GET"]}}],"collection":[{"href":"https:\/\/www.togykids.com\/tr\/wp-json\/wp\/v2\/pages"}],"about":[{"href":"https:\/\/www.togykids.com\/tr\/wp-json\/wp\/v2\/types\/page"}],"author":[{"embeddable":true,"href":"https:\/\/www.togykids.com\/tr\/wp-json\/wp\/v2\/users\/1"}],"replies":[{"embeddable":true,"href":"https:\/\/www.togykids.com\/tr\/wp-json\/wp\/v2\/comments?post=1875"}],"version-history":[{"count":7,"href":"https:\/\/www.togykids.com\/tr\/wp-json\/wp\/v2\/pages\/1875\/revisions"}],"predecessor-version":[{"id":4282,"href":"https:\/\/www.togykids.com\/tr\/wp-json\/wp\/v2\/pages\/1875\/revisions\/4282"}],"wp:attachment":[{"href":"https:\/\/www.togykids.com\/tr\/wp-json\/wp\/v2\/media?parent=1875"}],"curies":[{"name":"wp","href":"https:\/\/api.w.org\/{rel}","templated":true}]}}